{"id":2321,"date":"2021-03-17T16:40:47","date_gmt":"2021-03-17T15:40:47","guid":{"rendered":"https:\/\/www.cellardoor24.de\/produkt\/2019-te-mata-alma-pinot-noir\/"},"modified":"2026-03-30T12:31:44","modified_gmt":"2026-03-30T10:31:44","slug":"2019-te-mata-alma-pinot-noir","status":"publish","type":"product","link":"https:\/\/cellardoor24.de\/es\/producto\/2019-te-mata-alma-pinot-noir\/","title":{"rendered":"2019 Te Mata Alma Pinot Noir"},"content":{"rendered":"<p>&nbsp;<\/p>\n<h2>Und das passt zum Te Mata Alma Pinot Noir<\/h2>\n<p>Der Te Mata Alma Pinot Noir passt wunderbar zu Wild und Wildgefl\u00fcgel. Probieren Sie ihn zum Enten- oder G\u00e4nsebraten mit Serviettenkn\u00f6del und Blaukraut.<\/p>\n","protected":false},"excerpt":{"rendered":"<p>&nbsp;<\/p>\n<h2>Te Mata\u2019s gefeierter Pinot Noir<\/h2>\n<p>Der Te Mata Alma Pinot Noir feiert Dr. James Thomson, einen Helden der Schlacht von Alma 1854 w\u00e4hrend des Krimkrieges und Vorfahre der Buck-Familie von Te Mata Estate. Da er wusste, dass die besiegten feindlichen Soldaten bereits an Cholera erkrankt waren, meldete sich Dr. Thomson freiwillig, um ihre Wunden zu versorgen und rettete so das Leben von mehr als vierhundert Soldaten und opferte dabei sein eigenes. Die Medaille, die ihm f\u00fcr diesen selbstlosen Akt der Tapferkeit verliehen wurde, erscheint auf dem Etikett des Alma Pinot Noir. Die einzelnen Trauben-Partien wurden jeweils entrappt und erhielten eine traditionelle, warme Maischeg\u00e4rung. Die daraus resultierenden Moste durchliefen eine verl\u00e4ngerte Mazeration auf den Schalen, bevor sie gepresst wurden. Die einzelnen Weine wurden dann f\u00fcr 11 Monate in einem Mix aus neuen und gebrauchten Barriques aus franz\u00f6sischer Eiche gereift.<\/p>\n<p>&nbsp;<\/p>\n<h2>Und so schmeckt der Alma Pinot Noir von Te Mata<\/h2>\n<p>Der Te Mata Alma Pinot Noir hat eine verlockende Nase nach Granatapfel, Himbeere und schwarzem Kirschsirup. Mineralische und w\u00fcrzige Noten von Orangenschale, Pfefferk\u00f6rnern und Salbei gleiten \u00fcber eine samtige Oberfl\u00e4che aus dunklem, feinem Tannin und \u00fcppiger, reifer Frucht. Dieser Rotwein ist sehr gut strukturiert und ausgeglichen. Seine Tiefe wird durch eine anhaltende Fruchts\u00e4urespannung ausbalanciert, die dem Wein eine t\u00e4nzerische Leichtigkeit, Energie und Anmut verleiht.<\/p>\n","protected":false},"featured_media":10508,"comment_status":"closed","ping_status":"closed","template":"","meta":{"om_disable_all_campaigns":false,"wprm-recipe-roundup-name":"","wprm-recipe-roundup-description":""},"product_brand":[],"product_cat":[2369,2371,2372,2374,2378,2381,2620,2631,2757,2762,83,197],"product_tag":[2733,2732,3037,4787,90,198,199,200],"class_list":{"0":"post-2321","1":"product","2":"type-product","3":"status-publish","4":"has-post-thumbnail","6":"product_cat-weinherkunft","7":"product_cat-weinart","8":"product_cat-weinstil","9":"product_cat-rote-rebsorten","10":"product_cat-neuseeland","11":"product_cat-rotweine","12":"product_cat-hawkes-bay","13":"product_cat-te-mata-estate","14":"product_cat-fruchtig-frisch","15":"product_cat-herzhaft-wuerzig","16":"product_cat-weine","17":"product_cat-pinot-noir","18":"product_tag-te-mata-estate","19":"product_tag-hawkes-bay","20":"product_tag-alma","21":"product_tag-xmas2022","22":"product_tag-neuseeland","23":"product_tag-weine","24":"product_tag-pinot-noir","25":"product_tag-rotweine","26":"pa_alkoholgehalt-13-5","27":"pa_allergenhinweis-enthaelt-sulfite","28":"pa_anbau-bewirtschaftung-konventionell","29":"pa_ausbau-im-barriquefass","30":"pa_dekantieren-empfohlen-ja","31":"pa_empfohlenes-glas-burgunder-glas","32":"pa_geschmack-trocken","33":"pa_jahrgang-134","34":"pa_lebensmittelunternehmer-wine-in-motion-gmbh-kellerweg-4-84494-neumarkt-sankt-veit-deutschland","35":"pa_nettofuellmenge-0-75","36":"pa_rebsorten-pinot-noir","37":"pa_reifepotential-bis-2026","38":"pa_restzucker-1-1","39":"pa_saeure-4-7","40":"pa_trinkreife-sofort","41":"pa_trinktemperatur-16-18","42":"pa_vegan-produziert-ja","43":"pa_verpackungseinheit-174","44":"pa_verschlussart-diam-korken","45":"pa_weingut-te-mata-estate","46":"pa_weinland-neuseeland","47":"pa_weinregion-hawkes-bay","48":"pa_weinstil-herzhaft-wuerzig","49":"pa_weinstil-fruchtig-frisch","50":"pa_weintyp-rotwein","52":"first","53":"instock","54":"taxable","55":"shipping-taxable","56":"purchasable","57":"product-type-simple"},"yoast_head":"<!-- This site is optimized with the Yoast SEO Premium plugin v27.5 (Yoast SEO v27.6) - https:\/\/yoast.com\/product\/yoast-seo-premium-wordpress\/ -->\n<title>2019 Te Mata Alma Pinot Noir - Cellardoor24<\/title>\n<meta name=\"description\" content=\"Der Te Mata Alma Pinot Noir hat eine verlockende Nase nach Granatapfel, Himbeere und schwarzem Kirschsirup und w\u00fcrzige Noten.\" \/>\n<meta name=\"robots\" content=\"index, follow, max-snippet:-1, max-image-preview:large, max-video-preview:-1\" \/>\n<link rel=\"canonical\" href=\"https:\/\/cellardoor24.de\/produkt\/2019-te-mata-alma-pinot-noir\/\" \/>\n<meta property=\"og:locale\" content=\"es_ES\" \/>\n<meta property=\"og:type\" content=\"article\" \/>\n<meta property=\"og:title\" content=\"2019 Te Mata Alma Pinot Noir\" \/>\n<meta property=\"og:description\" content=\"&nbsp; Te Mata\u2019s gefeierter Pinot Noir Der Te Mata Alma Pinot Noir feiert Dr. James Thomson, einen Helden der Schlacht von Alma 1854 w\u00e4hrend des Krimkrieges und Vorfahre der Buck-Familie von Te Mata Estate. Da er wusste, dass die besiegten feindlichen Soldaten bereits an Cholera erkrankt waren, meldete sich Dr. Thomson freiwillig, um ihre Wunden zu versorgen und rettete so das Leben von mehr als vierhundert Soldaten und opferte dabei sein eigenes. Die Medaille, die ihm f\u00fcr diesen selbstlosen Akt der Tapferkeit verliehen wurde, erscheint auf dem Etikett des Alma Pinot Noir. Die einzelnen Trauben-Partien wurden jeweils entrappt und erhielten eine traditionelle, warme Maischeg\u00e4rung. Die daraus resultierenden Moste durchliefen eine verl\u00e4ngerte Mazeration auf den Schalen, bevor sie gepresst wurden. Die einzelnen Weine wurden dann f\u00fcr 11 Monate in einem Mix aus neuen und gebrauchten Barriques aus franz\u00f6sischer Eiche gereift. &nbsp; Und so schmeckt der Alma Pinot Noir von Te Mata Der Te Mata Alma Pinot Noir hat eine verlockende Nase nach Granatapfel, Himbeere und schwarzem Kirschsirup. Mineralische und w\u00fcrzige Noten von Orangenschale, Pfefferk\u00f6rnern und Salbei gleiten \u00fcber eine samtige Oberfl\u00e4che aus dunklem, feinem Tannin und \u00fcppiger, reifer Frucht. Dieser Rotwein ist sehr gut strukturiert und ausgeglichen. Seine Tiefe wird durch eine anhaltende Fruchts\u00e4urespannung ausbalanciert, die dem Wein eine t\u00e4nzerische Leichtigkeit, Energie und Anmut verleiht.\" \/>\n<meta property=\"og:url\" content=\"https:\/\/cellardoor24.de\/produkt\/2019-te-mata-alma-pinot-noir\/\" \/>\n<meta property=\"og:site_name\" content=\"Cellardoor24\" \/>\n<meta property=\"article:modified_time\" content=\"2026-03-30T10:31:44+00:00\" \/>\n<meta property=\"og:image\" content=\"https:\/\/cellardoor24.de\/wp-content\/uploads\/2023\/01\/NZTM35-19.jpg\" \/>\n\t<meta property=\"og:image:width\" content=\"1000\" \/>\n\t<meta property=\"og:image:height\" content=\"1000\" \/>\n\t<meta property=\"og:image:type\" content=\"image\/jpeg\" \/>\n<meta name=\"twitter:card\" content=\"summary_large_image\" \/>\n<meta name=\"twitter:label1\" content=\"Tiempo de lectura\" \/>\n\t<meta name=\"twitter:data1\" content=\"1 minuto\" \/>\n<script type=\"application\/ld+json\" class=\"yoast-schema-graph\">{\"@context\":\"https:\\\/\\\/schema.org\",\"@graph\":[{\"@type\":\"WebPage\",\"@id\":\"https:\\\/\\\/cellardoor24.de\\\/produkt\\\/2019-te-mata-alma-pinot-noir\\\/\",\"url\":\"https:\\\/\\\/cellardoor24.de\\\/produkt\\\/2019-te-mata-alma-pinot-noir\\\/\",\"name\":\"2019 Te Mata Alma Pinot Noir - Cellardoor24\",\"isPartOf\":{\"@id\":\"https:\\\/\\\/www.cellardoor24.de\\\/#website\"},\"primaryImageOfPage\":{\"@id\":\"https:\\\/\\\/cellardoor24.de\\\/produkt\\\/2019-te-mata-alma-pinot-noir\\\/#primaryimage\"},\"image\":{\"@id\":\"https:\\\/\\\/cellardoor24.de\\\/produkt\\\/2019-te-mata-alma-pinot-noir\\\/#primaryimage\"},\"thumbnailUrl\":\"https:\\\/\\\/cellardoor24.de\\\/wp-content\\\/uploads\\\/2023\\\/01\\\/NZTM35-19.jpg\",\"datePublished\":\"2021-03-17T15:40:47+00:00\",\"dateModified\":\"2026-03-30T10:31:44+00:00\",\"description\":\"Der Te Mata Alma Pinot Noir hat eine verlockende Nase nach Granatapfel, Himbeere und schwarzem Kirschsirup und w\u00fcrzige Noten.\",\"breadcrumb\":{\"@id\":\"https:\\\/\\\/cellardoor24.de\\\/produkt\\\/2019-te-mata-alma-pinot-noir\\\/#breadcrumb\"},\"inLanguage\":\"es\",\"potentialAction\":[{\"@type\":\"ReadAction\",\"target\":[\"https:\\\/\\\/cellardoor24.de\\\/produkt\\\/2019-te-mata-alma-pinot-noir\\\/\"]}]},{\"@type\":\"ImageObject\",\"inLanguage\":\"es\",\"@id\":\"https:\\\/\\\/cellardoor24.de\\\/produkt\\\/2019-te-mata-alma-pinot-noir\\\/#primaryimage\",\"url\":\"https:\\\/\\\/cellardoor24.de\\\/wp-content\\\/uploads\\\/2023\\\/01\\\/NZTM35-19.jpg\",\"contentUrl\":\"https:\\\/\\\/cellardoor24.de\\\/wp-content\\\/uploads\\\/2023\\\/01\\\/NZTM35-19.jpg\",\"width\":1000,\"height\":1000},{\"@type\":\"BreadcrumbList\",\"@id\":\"https:\\\/\\\/cellardoor24.de\\\/produkt\\\/2019-te-mata-alma-pinot-noir\\\/#breadcrumb\",\"itemListElement\":[{\"@type\":\"ListItem\",\"position\":1,\"name\":\"Startseite\",\"item\":\"https:\\\/\\\/www.cellardoor24.de\\\/es\\\/\"},{\"@type\":\"ListItem\",\"position\":2,\"name\":\"Produkte\",\"item\":\"https:\\\/\\\/www.cellardoor24.de\\\/shop\\\/\"},{\"@type\":\"ListItem\",\"position\":3,\"name\":\"2019 Te Mata Alma Pinot Noir\"}]},{\"@type\":\"WebSite\",\"@id\":\"https:\\\/\\\/www.cellardoor24.de\\\/#website\",\"url\":\"https:\\\/\\\/www.cellardoor24.de\\\/\",\"name\":\"Cellardoor24\",\"description\":\"Grand Wines Direct To You\",\"publisher\":{\"@id\":\"https:\\\/\\\/www.cellardoor24.de\\\/#organization\"},\"potentialAction\":[{\"@type\":\"SearchAction\",\"target\":{\"@type\":\"EntryPoint\",\"urlTemplate\":\"https:\\\/\\\/www.cellardoor24.de\\\/?s={search_term_string}\"},\"query-input\":{\"@type\":\"PropertyValueSpecification\",\"valueRequired\":true,\"valueName\":\"search_term_string\"}}],\"inLanguage\":\"es\"},{\"@type\":\"Organization\",\"@id\":\"https:\\\/\\\/www.cellardoor24.de\\\/#organization\",\"name\":\"Cellardoor24\",\"url\":\"https:\\\/\\\/www.cellardoor24.de\\\/\",\"logo\":{\"@type\":\"ImageObject\",\"inLanguage\":\"es\",\"@id\":\"https:\\\/\\\/www.cellardoor24.de\\\/#\\\/schema\\\/logo\\\/image\\\/\",\"url\":\"https:\\\/\\\/www.cellardoor24.de\\\/wp-content\\\/uploads\\\/2024\\\/04\\\/Cellardoor24-Favicon-150x150-1.png\",\"contentUrl\":\"https:\\\/\\\/www.cellardoor24.de\\\/wp-content\\\/uploads\\\/2024\\\/04\\\/Cellardoor24-Favicon-150x150-1.png\",\"width\":150,\"height\":150,\"caption\":\"Cellardoor24\"},\"image\":{\"@id\":\"https:\\\/\\\/www.cellardoor24.de\\\/#\\\/schema\\\/logo\\\/image\\\/\"}}]}<\/script>\n<!-- \/ Yoast SEO Premium plugin. -->","yoast_head_json":{"title":"2019 Te Mata Alma Pinot Noir - Cellardoor24","description":"Der Te Mata Alma Pinot Noir hat eine verlockende Nase nach Granatapfel, Himbeere und schwarzem Kirschsirup und w\u00fcrzige Noten.","robots":{"index":"index","follow":"follow","max-snippet":"max-snippet:-1","max-image-preview":"max-image-preview:large","max-video-preview":"max-video-preview:-1"},"canonical":"https:\/\/cellardoor24.de\/produkt\/2019-te-mata-alma-pinot-noir\/","og_locale":"es_ES","og_type":"article","og_title":"2019 Te Mata Alma Pinot Noir","og_description":"&nbsp; Te Mata\u2019s gefeierter Pinot Noir Der Te Mata Alma Pinot Noir feiert Dr. James Thomson, einen Helden der Schlacht von Alma 1854 w\u00e4hrend des Krimkrieges und Vorfahre der Buck-Familie von Te Mata Estate. Da er wusste, dass die besiegten feindlichen Soldaten bereits an Cholera erkrankt waren, meldete sich Dr. Thomson freiwillig, um ihre Wunden zu versorgen und rettete so das Leben von mehr als vierhundert Soldaten und opferte dabei sein eigenes. Die Medaille, die ihm f\u00fcr diesen selbstlosen Akt der Tapferkeit verliehen wurde, erscheint auf dem Etikett des Alma Pinot Noir. Die einzelnen Trauben-Partien wurden jeweils entrappt und erhielten eine traditionelle, warme Maischeg\u00e4rung. Die daraus resultierenden Moste durchliefen eine verl\u00e4ngerte Mazeration auf den Schalen, bevor sie gepresst wurden. Die einzelnen Weine wurden dann f\u00fcr 11 Monate in einem Mix aus neuen und gebrauchten Barriques aus franz\u00f6sischer Eiche gereift. &nbsp; Und so schmeckt der Alma Pinot Noir von Te Mata Der Te Mata Alma Pinot Noir hat eine verlockende Nase nach Granatapfel, Himbeere und schwarzem Kirschsirup. Mineralische und w\u00fcrzige Noten von Orangenschale, Pfefferk\u00f6rnern und Salbei gleiten \u00fcber eine samtige Oberfl\u00e4che aus dunklem, feinem Tannin und \u00fcppiger, reifer Frucht. Dieser Rotwein ist sehr gut strukturiert und ausgeglichen. Seine Tiefe wird durch eine anhaltende Fruchts\u00e4urespannung ausbalanciert, die dem Wein eine t\u00e4nzerische Leichtigkeit, Energie und Anmut verleiht.","og_url":"https:\/\/cellardoor24.de\/produkt\/2019-te-mata-alma-pinot-noir\/","og_site_name":"Cellardoor24","article_modified_time":"2026-03-30T10:31:44+00:00","og_image":[{"width":1000,"height":1000,"url":"https:\/\/cellardoor24.de\/wp-content\/uploads\/2023\/01\/NZTM35-19.jpg","type":"image\/jpeg"}],"twitter_card":"summary_large_image","twitter_misc":{"Tiempo de lectura":"1 minuto"},"schema":{"@context":"https:\/\/schema.org","@graph":[{"@type":"WebPage","@id":"https:\/\/cellardoor24.de\/produkt\/2019-te-mata-alma-pinot-noir\/","url":"https:\/\/cellardoor24.de\/produkt\/2019-te-mata-alma-pinot-noir\/","name":"2019 Te Mata Alma Pinot Noir - Cellardoor24","isPartOf":{"@id":"https:\/\/www.cellardoor24.de\/#website"},"primaryImageOfPage":{"@id":"https:\/\/cellardoor24.de\/produkt\/2019-te-mata-alma-pinot-noir\/#primaryimage"},"image":{"@id":"https:\/\/cellardoor24.de\/produkt\/2019-te-mata-alma-pinot-noir\/#primaryimage"},"thumbnailUrl":"https:\/\/cellardoor24.de\/wp-content\/uploads\/2023\/01\/NZTM35-19.jpg","datePublished":"2021-03-17T15:40:47+00:00","dateModified":"2026-03-30T10:31:44+00:00","description":"Der Te Mata Alma Pinot Noir hat eine verlockende Nase nach Granatapfel, Himbeere und schwarzem Kirschsirup und w\u00fcrzige Noten.","breadcrumb":{"@id":"https:\/\/cellardoor24.de\/produkt\/2019-te-mata-alma-pinot-noir\/#breadcrumb"},"inLanguage":"es","potentialAction":[{"@type":"ReadAction","target":["https:\/\/cellardoor24.de\/produkt\/2019-te-mata-alma-pinot-noir\/"]}]},{"@type":"ImageObject","inLanguage":"es","@id":"https:\/\/cellardoor24.de\/produkt\/2019-te-mata-alma-pinot-noir\/#primaryimage","url":"https:\/\/cellardoor24.de\/wp-content\/uploads\/2023\/01\/NZTM35-19.jpg","contentUrl":"https:\/\/cellardoor24.de\/wp-content\/uploads\/2023\/01\/NZTM35-19.jpg","width":1000,"height":1000},{"@type":"BreadcrumbList","@id":"https:\/\/cellardoor24.de\/produkt\/2019-te-mata-alma-pinot-noir\/#breadcrumb","itemListElement":[{"@type":"ListItem","position":1,"name":"Startseite","item":"https:\/\/www.cellardoor24.de\/es\/"},{"@type":"ListItem","position":2,"name":"Produkte","item":"https:\/\/www.cellardoor24.de\/shop\/"},{"@type":"ListItem","position":3,"name":"2019 Te Mata Alma Pinot Noir"}]},{"@type":"WebSite","@id":"https:\/\/www.cellardoor24.de\/#website","url":"https:\/\/www.cellardoor24.de\/","name":"Cellardoor24","description":"Grand Wines Direct To You","publisher":{"@id":"https:\/\/www.cellardoor24.de\/#organization"},"potentialAction":[{"@type":"SearchAction","target":{"@type":"EntryPoint","urlTemplate":"https:\/\/www.cellardoor24.de\/?s={search_term_string}"},"query-input":{"@type":"PropertyValueSpecification","valueRequired":true,"valueName":"search_term_string"}}],"inLanguage":"es"},{"@type":"Organization","@id":"https:\/\/www.cellardoor24.de\/#organization","name":"Cellardoor24","url":"https:\/\/www.cellardoor24.de\/","logo":{"@type":"ImageObject","inLanguage":"es","@id":"https:\/\/www.cellardoor24.de\/#\/schema\/logo\/image\/","url":"https:\/\/www.cellardoor24.de\/wp-content\/uploads\/2024\/04\/Cellardoor24-Favicon-150x150-1.png","contentUrl":"https:\/\/www.cellardoor24.de\/wp-content\/uploads\/2024\/04\/Cellardoor24-Favicon-150x150-1.png","width":150,"height":150,"caption":"Cellardoor24"},"image":{"@id":"https:\/\/www.cellardoor24.de\/#\/schema\/logo\/image\/"}}]}},"_links":{"self":[{"href":"https:\/\/cellardoor24.de\/es\/wp-json\/wp\/v2\/product\/2321","targetHints":{"allow":["GET"]}}],"collection":[{"href":"https:\/\/cellardoor24.de\/es\/wp-json\/wp\/v2\/product"}],"about":[{"href":"https:\/\/cellardoor24.de\/es\/wp-json\/wp\/v2\/types\/product"}],"replies":[{"embeddable":true,"href":"https:\/\/cellardoor24.de\/es\/wp-json\/wp\/v2\/comments?post=2321"}],"wp:featuredmedia":[{"embeddable":true,"href":"https:\/\/cellardoor24.de\/es\/wp-json\/wp\/v2\/media\/10508"}],"wp:attachment":[{"href":"https:\/\/cellardoor24.de\/es\/wp-json\/wp\/v2\/media?parent=2321"}],"wp:term":[{"taxonomy":"product_brand","embeddable":true,"href":"https:\/\/cellardoor24.de\/es\/wp-json\/wp\/v2\/product_brand?post=2321"},{"taxonomy":"product_cat","embeddable":true,"href":"https:\/\/cellardoor24.de\/es\/wp-json\/wp\/v2\/product_cat?post=2321"},{"taxonomy":"product_tag","embeddable":true,"href":"https:\/\/cellardoor24.de\/es\/wp-json\/wp\/v2\/product_tag?post=2321"}],"curies":[{"name":"wp","href":"https:\/\/api.w.org\/{rel}","templated":true}]}}