{"id":2126,"date":"2021-03-13T09:24:40","date_gmt":"2021-03-13T08:24:40","guid":{"rendered":"https:\/\/www.cellardoor24.de\/produkt\/2018-pillitteri-carretto-cabernet-franc-icewine\/"},"modified":"2026-04-16T13:16:46","modified_gmt":"2026-04-16T11:16:46","slug":"2018-pillitteri-carretto-cabernet-franc-icewine","status":"publish","type":"product","link":"https:\/\/cellardoor24.de\/es\/producto\/2018-pillitteri-carretto-cabernet-franc-icewine\/","title":{"rendered":"2018 Pillitteri Carretto Cabernet Franc Icewine (187 ml.)"},"content":{"rendered":"<p>&nbsp;<\/p>\n<h2>Und dazu passt der Cabernet Franc Icewine von Pillitteri<\/h2>\n<p>Der Pillitteri Carretto Cabernet Franc Icewine passt gut zu dunkler Schokolade, kr\u00e4ftigem K\u00e4se und fruchtigen Desserts, besonders zu solchen mit roten Beeren.<\/p>\n","protected":false},"excerpt":{"rendered":"<p>&nbsp;<\/p>\n<h2>Das Naturschauspiel Eiswein<\/h2>\n<p>Pillitteri Estates Winery ist stolz darauf, eines der exquisitesten Geschenke der Natur herzustellen \u2013 Eiswein. Die Ernte der Icewine-Trauben erfolgt, wenn die Temperaturen -8 Grad Celsius oder k\u00e4lter erreicht haben. Die handverlesenen, nat\u00fcrlich gefrorenen Trauben ergeben beim Pressen einen Saft mit einer intensiven Konzentration an Zucker, S\u00e4uren, Geschmack und Aromen. Die Ausbeute ist jedoch weitaus geringer als bei den meisten Weinen, es werden zehnmal mehr Trauben pro Flasche ben\u00f6tigt. Der resultierende Wein hat einen hohen nat\u00fcrlichen Zuckergehalt, einen niedrigen Alkoholgehalt, einen erstaunlichen S\u00e4uregehalt und ist intensiv s\u00fc\u00df und geschmackvoll. Pillitteri Icewine ist ein einzigartiges Geschmackserlebnis mit Aromen, die von honigs\u00fc\u00dfem Pfirsich und Aprikose bis zu tropischen Fr\u00fcchten wie Mangos reichen k\u00f6nnen.<\/p>\n<p>&nbsp;<\/p>\n<h2>Und so schmeckt der Cabernet Franc Icewine von Pillitteri<\/h2>\n<p>Typisch f\u00fcr den Pillitteri Carretto Cabernet Franc Icewine, dominieren markante Aromen von Himbeerkonfit\u00fcre, reifen Erdbeeren und S\u00fc\u00dfkirschen die Nase. Subtile Untert\u00f6ne von Feigen, Ahornsirup und Preiselbeeren sind ebenfalls zu finden. Am Gaumen zeigt er viel Schmelz und Extrakt, Erdbeerkompott, Kirschsaft und Preiselbeeren stellen sich ein. Die f\u00fcr einen roten Eiswein \u00fcbliche S\u00e4ure ist toll eingebunden und sorgt f\u00fcr ein Gleichgewicht zu der \u00fcppigen S\u00fc\u00dfe. Insgesamt ein charaktervoller Eiswein mit einem samtigen, lang anhaltenden Abgang.<\/p>\n","protected":false},"featured_media":4352,"comment_status":"closed","ping_status":"closed","template":"","meta":{"om_disable_all_campaigns":false,"wprm-recipe-roundup-name":"","wprm-recipe-roundup-description":""},"product_brand":[],"product_cat":[2371,2372,2374,2387,2388,2389,2390,2434,2369,2761,2766,83,246],"product_tag":[2442,2435,2438,198,242,243,244,248],"class_list":{"0":"post-2126","1":"product","2":"type-product","3":"status-publish","4":"has-post-thumbnail","6":"product_cat-weinart","7":"product_cat-weinstil","8":"product_cat-rote-rebsorten","9":"product_cat-sonderformate","10":"product_cat-kanada","11":"product_cat-niagara","12":"product_cat-pillitteri-estates-winery","13":"product_cat-dessertweine","14":"product_cat-weinherkunft","15":"product_cat-exotisch-aromatisch","16":"product_cat-nobel-opulent","17":"product_cat-weine","18":"product_cat-cabernet-franc","19":"product_tag-carretto","20":"product_tag-dessertweine","21":"product_tag-icewine","22":"product_tag-weine","23":"product_tag-kanada","24":"product_tag-niagara","25":"product_tag-pillitteri-estates-winery","26":"product_tag-cabernet-franc","27":"pa_alkoholgehalt-11-0","28":"pa_allergenhinweis-enthaelt-sulfite","29":"pa_anbau-bewirtschaftung-konventionell","30":"pa_ausbau-im-edelstahltank","31":"pa_dekantieren-empfohlen-nein","32":"pa_empfohlenes-glas-bordeaux-glas","33":"pa_geschmack-suess","34":"pa_jahrgang-133","35":"pa_lebensmittelunternehmer-wine-in-motion-gmbh-kellerweg-4-84494-neumarkt-sankt-veit-deutschland","36":"pa_nettofuellmenge-0-187","37":"pa_rebsorten-cabernet-franc","38":"pa_reifepotential-bis-2030","39":"pa_restzucker-211-9","40":"pa_saeure-8-8","41":"pa_trinkreife-sofort","42":"pa_trinktemperatur-8-10","43":"pa_vegan-produziert-nein","44":"pa_verpackungseinheit-175","45":"pa_verschlussart-naturkork","46":"pa_weingut-pillitteri-estates-winery","47":"pa_weinland-kanada","48":"pa_weinregion-niagara","49":"pa_weinstil-nobel-opulent","50":"pa_weinstil-exotisch-aromatisch","51":"pa_weintyp-dessertwein","53":"first","54":"instock","55":"taxable","56":"shipping-taxable","57":"purchasable","58":"product-type-simple"},"yoast_head":"<!-- This site is optimized with the Yoast SEO Premium plugin v27.5 (Yoast SEO v27.6) - https:\/\/yoast.com\/product\/yoast-seo-premium-wordpress\/ -->\n<title>2018 Pillitteri Carretto Cabernet Franc Icewine (187 ml.) - Cellardoor24<\/title>\n<meta name=\"description\" content=\"Typisch f\u00fcr den Pillitteri Carretto Cabernet Franc Icewine, dominieren markante Aromen von Himbeerkonfit\u00fcre, reifen Erdbeeren und S\u00fc\u00dfkirschen die Nase.\" \/>\n<meta name=\"robots\" content=\"index, follow, max-snippet:-1, max-image-preview:large, max-video-preview:-1\" \/>\n<link rel=\"canonical\" href=\"https:\/\/cellardoor24.de\/produkt\/2018-pillitteri-carretto-cabernet-franc-icewine\/\" \/>\n<meta property=\"og:locale\" content=\"es_ES\" \/>\n<meta property=\"og:type\" content=\"article\" \/>\n<meta property=\"og:title\" content=\"2018 Pillitteri Carretto Cabernet Franc Icewine (187 ml.)\" \/>\n<meta property=\"og:description\" content=\"&nbsp; Das Naturschauspiel Eiswein Pillitteri Estates Winery ist stolz darauf, eines der exquisitesten Geschenke der Natur herzustellen \u2013 Eiswein. Die Ernte der Icewine-Trauben erfolgt, wenn die Temperaturen -8 Grad Celsius oder k\u00e4lter erreicht haben. Die handverlesenen, nat\u00fcrlich gefrorenen Trauben ergeben beim Pressen einen Saft mit einer intensiven Konzentration an Zucker, S\u00e4uren, Geschmack und Aromen. Die Ausbeute ist jedoch weitaus geringer als bei den meisten Weinen, es werden zehnmal mehr Trauben pro Flasche ben\u00f6tigt. Der resultierende Wein hat einen hohen nat\u00fcrlichen Zuckergehalt, einen niedrigen Alkoholgehalt, einen erstaunlichen S\u00e4uregehalt und ist intensiv s\u00fc\u00df und geschmackvoll. Pillitteri Icewine ist ein einzigartiges Geschmackserlebnis mit Aromen, die von honigs\u00fc\u00dfem Pfirsich und Aprikose bis zu tropischen Fr\u00fcchten wie Mangos reichen k\u00f6nnen. &nbsp; Und so schmeckt der Cabernet Franc Icewine von Pillitteri Typisch f\u00fcr den Pillitteri Carretto Cabernet Franc Icewine, dominieren markante Aromen von Himbeerkonfit\u00fcre, reifen Erdbeeren und S\u00fc\u00dfkirschen die Nase. Subtile Untert\u00f6ne von Feigen, Ahornsirup und Preiselbeeren sind ebenfalls zu finden. Am Gaumen zeigt er viel Schmelz und Extrakt, Erdbeerkompott, Kirschsaft und Preiselbeeren stellen sich ein. Die f\u00fcr einen roten Eiswein \u00fcbliche S\u00e4ure ist toll eingebunden und sorgt f\u00fcr ein Gleichgewicht zu der \u00fcppigen S\u00fc\u00dfe. Insgesamt ein charaktervoller Eiswein mit einem samtigen, lang anhaltenden Abgang.\" \/>\n<meta property=\"og:url\" content=\"https:\/\/cellardoor24.de\/produkt\/2018-pillitteri-carretto-cabernet-franc-icewine\/\" \/>\n<meta property=\"og:site_name\" content=\"Cellardoor24\" \/>\n<meta property=\"article:modified_time\" content=\"2026-04-16T11:16:46+00:00\" \/>\n<meta property=\"og:image\" content=\"https:\/\/cellardoor24.de\/wp-content\/uploads\/2021\/05\/CAPI78-1.jpg-1.jpg\" \/>\n\t<meta property=\"og:image:width\" content=\"1000\" \/>\n\t<meta property=\"og:image:height\" content=\"1000\" \/>\n\t<meta property=\"og:image:type\" content=\"image\/jpeg\" \/>\n<meta name=\"twitter:card\" content=\"summary_large_image\" \/>\n<meta name=\"twitter:label1\" content=\"Tiempo de lectura\" \/>\n\t<meta name=\"twitter:data1\" content=\"1 minuto\" \/>\n<script type=\"application\/ld+json\" class=\"yoast-schema-graph\">{\"@context\":\"https:\\\/\\\/schema.org\",\"@graph\":[{\"@type\":\"WebPage\",\"@id\":\"https:\\\/\\\/cellardoor24.de\\\/produkt\\\/2018-pillitteri-carretto-cabernet-franc-icewine\\\/\",\"url\":\"https:\\\/\\\/cellardoor24.de\\\/produkt\\\/2018-pillitteri-carretto-cabernet-franc-icewine\\\/\",\"name\":\"2018 Pillitteri Carretto Cabernet Franc Icewine (187 ml.) - Cellardoor24\",\"isPartOf\":{\"@id\":\"https:\\\/\\\/www.cellardoor24.de\\\/#website\"},\"primaryImageOfPage\":{\"@id\":\"https:\\\/\\\/cellardoor24.de\\\/produkt\\\/2018-pillitteri-carretto-cabernet-franc-icewine\\\/#primaryimage\"},\"image\":{\"@id\":\"https:\\\/\\\/cellardoor24.de\\\/produkt\\\/2018-pillitteri-carretto-cabernet-franc-icewine\\\/#primaryimage\"},\"thumbnailUrl\":\"https:\\\/\\\/cellardoor24.de\\\/wp-content\\\/uploads\\\/2021\\\/05\\\/CAPI78-1.jpg-1.jpg\",\"datePublished\":\"2021-03-13T08:24:40+00:00\",\"dateModified\":\"2026-04-16T11:16:46+00:00\",\"description\":\"Typisch f\u00fcr den Pillitteri Carretto Cabernet Franc Icewine, dominieren markante Aromen von Himbeerkonfit\u00fcre, reifen Erdbeeren und S\u00fc\u00dfkirschen die Nase.\",\"breadcrumb\":{\"@id\":\"https:\\\/\\\/cellardoor24.de\\\/produkt\\\/2018-pillitteri-carretto-cabernet-franc-icewine\\\/#breadcrumb\"},\"inLanguage\":\"es\",\"potentialAction\":[{\"@type\":\"ReadAction\",\"target\":[\"https:\\\/\\\/cellardoor24.de\\\/produkt\\\/2018-pillitteri-carretto-cabernet-franc-icewine\\\/\"]}]},{\"@type\":\"ImageObject\",\"inLanguage\":\"es\",\"@id\":\"https:\\\/\\\/cellardoor24.de\\\/produkt\\\/2018-pillitteri-carretto-cabernet-franc-icewine\\\/#primaryimage\",\"url\":\"https:\\\/\\\/cellardoor24.de\\\/wp-content\\\/uploads\\\/2021\\\/05\\\/CAPI78-1.jpg-1.jpg\",\"contentUrl\":\"https:\\\/\\\/cellardoor24.de\\\/wp-content\\\/uploads\\\/2021\\\/05\\\/CAPI78-1.jpg-1.jpg\",\"width\":1000,\"height\":1000,\"caption\":\"2018 Pillitteri Carretto Cabernet Franc Icewine, Niagara, Kanada\"},{\"@type\":\"BreadcrumbList\",\"@id\":\"https:\\\/\\\/cellardoor24.de\\\/produkt\\\/2018-pillitteri-carretto-cabernet-franc-icewine\\\/#breadcrumb\",\"itemListElement\":[{\"@type\":\"ListItem\",\"position\":1,\"name\":\"Startseite\",\"item\":\"https:\\\/\\\/www.cellardoor24.de\\\/es\\\/\"},{\"@type\":\"ListItem\",\"position\":2,\"name\":\"Produkte\",\"item\":\"https:\\\/\\\/www.cellardoor24.de\\\/shop\\\/\"},{\"@type\":\"ListItem\",\"position\":3,\"name\":\"2018 Pillitteri Carretto Cabernet Franc Icewine (187 ml.)\"}]},{\"@type\":\"WebSite\",\"@id\":\"https:\\\/\\\/www.cellardoor24.de\\\/#website\",\"url\":\"https:\\\/\\\/www.cellardoor24.de\\\/\",\"name\":\"Cellardoor24\",\"description\":\"Grand Wines Direct To You\",\"publisher\":{\"@id\":\"https:\\\/\\\/www.cellardoor24.de\\\/#organization\"},\"potentialAction\":[{\"@type\":\"SearchAction\",\"target\":{\"@type\":\"EntryPoint\",\"urlTemplate\":\"https:\\\/\\\/www.cellardoor24.de\\\/?s={search_term_string}\"},\"query-input\":{\"@type\":\"PropertyValueSpecification\",\"valueRequired\":true,\"valueName\":\"search_term_string\"}}],\"inLanguage\":\"es\"},{\"@type\":\"Organization\",\"@id\":\"https:\\\/\\\/www.cellardoor24.de\\\/#organization\",\"name\":\"Cellardoor24\",\"url\":\"https:\\\/\\\/www.cellardoor24.de\\\/\",\"logo\":{\"@type\":\"ImageObject\",\"inLanguage\":\"es\",\"@id\":\"https:\\\/\\\/www.cellardoor24.de\\\/#\\\/schema\\\/logo\\\/image\\\/\",\"url\":\"https:\\\/\\\/www.cellardoor24.de\\\/wp-content\\\/uploads\\\/2024\\\/04\\\/Cellardoor24-Favicon-150x150-1.png\",\"contentUrl\":\"https:\\\/\\\/www.cellardoor24.de\\\/wp-content\\\/uploads\\\/2024\\\/04\\\/Cellardoor24-Favicon-150x150-1.png\",\"width\":150,\"height\":150,\"caption\":\"Cellardoor24\"},\"image\":{\"@id\":\"https:\\\/\\\/www.cellardoor24.de\\\/#\\\/schema\\\/logo\\\/image\\\/\"}}]}<\/script>\n<!-- \/ Yoast SEO Premium plugin. -->","yoast_head_json":{"title":"2018 Pillitteri Carretto Cabernet Franc Icewine (187 ml.) - Cellardoor24","description":"Typisch f\u00fcr den Pillitteri Carretto Cabernet Franc Icewine, dominieren markante Aromen von Himbeerkonfit\u00fcre, reifen Erdbeeren und S\u00fc\u00dfkirschen die Nase.","robots":{"index":"index","follow":"follow","max-snippet":"max-snippet:-1","max-image-preview":"max-image-preview:large","max-video-preview":"max-video-preview:-1"},"canonical":"https:\/\/cellardoor24.de\/produkt\/2018-pillitteri-carretto-cabernet-franc-icewine\/","og_locale":"es_ES","og_type":"article","og_title":"2018 Pillitteri Carretto Cabernet Franc Icewine (187 ml.)","og_description":"&nbsp; Das Naturschauspiel Eiswein Pillitteri Estates Winery ist stolz darauf, eines der exquisitesten Geschenke der Natur herzustellen \u2013 Eiswein. Die Ernte der Icewine-Trauben erfolgt, wenn die Temperaturen -8 Grad Celsius oder k\u00e4lter erreicht haben. Die handverlesenen, nat\u00fcrlich gefrorenen Trauben ergeben beim Pressen einen Saft mit einer intensiven Konzentration an Zucker, S\u00e4uren, Geschmack und Aromen. Die Ausbeute ist jedoch weitaus geringer als bei den meisten Weinen, es werden zehnmal mehr Trauben pro Flasche ben\u00f6tigt. Der resultierende Wein hat einen hohen nat\u00fcrlichen Zuckergehalt, einen niedrigen Alkoholgehalt, einen erstaunlichen S\u00e4uregehalt und ist intensiv s\u00fc\u00df und geschmackvoll. Pillitteri Icewine ist ein einzigartiges Geschmackserlebnis mit Aromen, die von honigs\u00fc\u00dfem Pfirsich und Aprikose bis zu tropischen Fr\u00fcchten wie Mangos reichen k\u00f6nnen. &nbsp; Und so schmeckt der Cabernet Franc Icewine von Pillitteri Typisch f\u00fcr den Pillitteri Carretto Cabernet Franc Icewine, dominieren markante Aromen von Himbeerkonfit\u00fcre, reifen Erdbeeren und S\u00fc\u00dfkirschen die Nase. Subtile Untert\u00f6ne von Feigen, Ahornsirup und Preiselbeeren sind ebenfalls zu finden. Am Gaumen zeigt er viel Schmelz und Extrakt, Erdbeerkompott, Kirschsaft und Preiselbeeren stellen sich ein. Die f\u00fcr einen roten Eiswein \u00fcbliche S\u00e4ure ist toll eingebunden und sorgt f\u00fcr ein Gleichgewicht zu der \u00fcppigen S\u00fc\u00dfe. Insgesamt ein charaktervoller Eiswein mit einem samtigen, lang anhaltenden Abgang.","og_url":"https:\/\/cellardoor24.de\/produkt\/2018-pillitteri-carretto-cabernet-franc-icewine\/","og_site_name":"Cellardoor24","article_modified_time":"2026-04-16T11:16:46+00:00","og_image":[{"width":1000,"height":1000,"url":"https:\/\/cellardoor24.de\/wp-content\/uploads\/2021\/05\/CAPI78-1.jpg-1.jpg","type":"image\/jpeg"}],"twitter_card":"summary_large_image","twitter_misc":{"Tiempo de lectura":"1 minuto"},"schema":{"@context":"https:\/\/schema.org","@graph":[{"@type":"WebPage","@id":"https:\/\/cellardoor24.de\/produkt\/2018-pillitteri-carretto-cabernet-franc-icewine\/","url":"https:\/\/cellardoor24.de\/produkt\/2018-pillitteri-carretto-cabernet-franc-icewine\/","name":"2018 Pillitteri Carretto Cabernet Franc Icewine (187 ml.) - Cellardoor24","isPartOf":{"@id":"https:\/\/www.cellardoor24.de\/#website"},"primaryImageOfPage":{"@id":"https:\/\/cellardoor24.de\/produkt\/2018-pillitteri-carretto-cabernet-franc-icewine\/#primaryimage"},"image":{"@id":"https:\/\/cellardoor24.de\/produkt\/2018-pillitteri-carretto-cabernet-franc-icewine\/#primaryimage"},"thumbnailUrl":"https:\/\/cellardoor24.de\/wp-content\/uploads\/2021\/05\/CAPI78-1.jpg-1.jpg","datePublished":"2021-03-13T08:24:40+00:00","dateModified":"2026-04-16T11:16:46+00:00","description":"Typisch f\u00fcr den Pillitteri Carretto Cabernet Franc Icewine, dominieren markante Aromen von Himbeerkonfit\u00fcre, reifen Erdbeeren und S\u00fc\u00dfkirschen die Nase.","breadcrumb":{"@id":"https:\/\/cellardoor24.de\/produkt\/2018-pillitteri-carretto-cabernet-franc-icewine\/#breadcrumb"},"inLanguage":"es","potentialAction":[{"@type":"ReadAction","target":["https:\/\/cellardoor24.de\/produkt\/2018-pillitteri-carretto-cabernet-franc-icewine\/"]}]},{"@type":"ImageObject","inLanguage":"es","@id":"https:\/\/cellardoor24.de\/produkt\/2018-pillitteri-carretto-cabernet-franc-icewine\/#primaryimage","url":"https:\/\/cellardoor24.de\/wp-content\/uploads\/2021\/05\/CAPI78-1.jpg-1.jpg","contentUrl":"https:\/\/cellardoor24.de\/wp-content\/uploads\/2021\/05\/CAPI78-1.jpg-1.jpg","width":1000,"height":1000,"caption":"2018 Pillitteri Carretto Cabernet Franc Icewine, Niagara, Kanada"},{"@type":"BreadcrumbList","@id":"https:\/\/cellardoor24.de\/produkt\/2018-pillitteri-carretto-cabernet-franc-icewine\/#breadcrumb","itemListElement":[{"@type":"ListItem","position":1,"name":"Startseite","item":"https:\/\/www.cellardoor24.de\/es\/"},{"@type":"ListItem","position":2,"name":"Produkte","item":"https:\/\/www.cellardoor24.de\/shop\/"},{"@type":"ListItem","position":3,"name":"2018 Pillitteri Carretto Cabernet Franc Icewine (187 ml.)"}]},{"@type":"WebSite","@id":"https:\/\/www.cellardoor24.de\/#website","url":"https:\/\/www.cellardoor24.de\/","name":"Cellardoor24","description":"Grand Wines Direct To You","publisher":{"@id":"https:\/\/www.cellardoor24.de\/#organization"},"potentialAction":[{"@type":"SearchAction","target":{"@type":"EntryPoint","urlTemplate":"https:\/\/www.cellardoor24.de\/?s={search_term_string}"},"query-input":{"@type":"PropertyValueSpecification","valueRequired":true,"valueName":"search_term_string"}}],"inLanguage":"es"},{"@type":"Organization","@id":"https:\/\/www.cellardoor24.de\/#organization","name":"Cellardoor24","url":"https:\/\/www.cellardoor24.de\/","logo":{"@type":"ImageObject","inLanguage":"es","@id":"https:\/\/www.cellardoor24.de\/#\/schema\/logo\/image\/","url":"https:\/\/www.cellardoor24.de\/wp-content\/uploads\/2024\/04\/Cellardoor24-Favicon-150x150-1.png","contentUrl":"https:\/\/www.cellardoor24.de\/wp-content\/uploads\/2024\/04\/Cellardoor24-Favicon-150x150-1.png","width":150,"height":150,"caption":"Cellardoor24"},"image":{"@id":"https:\/\/www.cellardoor24.de\/#\/schema\/logo\/image\/"}}]}},"_links":{"self":[{"href":"https:\/\/cellardoor24.de\/es\/wp-json\/wp\/v2\/product\/2126","targetHints":{"allow":["GET"]}}],"collection":[{"href":"https:\/\/cellardoor24.de\/es\/wp-json\/wp\/v2\/product"}],"about":[{"href":"https:\/\/cellardoor24.de\/es\/wp-json\/wp\/v2\/types\/product"}],"replies":[{"embeddable":true,"href":"https:\/\/cellardoor24.de\/es\/wp-json\/wp\/v2\/comments?post=2126"}],"wp:featuredmedia":[{"embeddable":true,"href":"https:\/\/cellardoor24.de\/es\/wp-json\/wp\/v2\/media\/4352"}],"wp:attachment":[{"href":"https:\/\/cellardoor24.de\/es\/wp-json\/wp\/v2\/media?parent=2126"}],"wp:term":[{"taxonomy":"product_brand","embeddable":true,"href":"https:\/\/cellardoor24.de\/es\/wp-json\/wp\/v2\/product_brand?post=2126"},{"taxonomy":"product_cat","embeddable":true,"href":"https:\/\/cellardoor24.de\/es\/wp-json\/wp\/v2\/product_cat?post=2126"},{"taxonomy":"product_tag","embeddable":true,"href":"https:\/\/cellardoor24.de\/es\/wp-json\/wp\/v2\/product_tag?post=2126"}],"curies":[{"name":"wp","href":"https:\/\/api.w.org\/{rel}","templated":true}]}}