{"id":16389,"date":"2023-12-10T22:11:53","date_gmt":"2023-12-10T21:11:53","guid":{"rendered":"https:\/\/www.cellardoor24.de\/?post_type=product&#038;p=16389"},"modified":"2026-05-01T12:09:26","modified_gmt":"2026-05-01T10:09:26","slug":"6er-sauvignon-blanc-weinpaket","status":"publish","type":"product","link":"https:\/\/cellardoor24.de\/es\/producto\/6er-sauvignon-blanc-weinpaket\/","title":{"rendered":"6er Sauvignon Blanc Weinpaket"},"content":{"rendered":"<p>Knackige Weissweine aus der Rebsorte Sauvignon Blanc.<br \/>\nSuper als Solisten oder zum Seafood.<\/p>\n<p>Dieses 6er Weinpaket beinhaltet folgende Weine:<\/p>\n<p><a href=\"https:\/\/cellardoor24.de\/produkt\/2022-whitehaven-mansion-house-bay-sauvignon-blanc\/\">2022 Mansion House Bay Marlborough Sauvignon Blanc, Marlborough, Neuseeland<\/a><\/p>\n<p>Der Mansion House Bay Sauvignon Blanc hat eine verf\u00fchrerische Nase von Steinfrucht, Zitrusfr\u00fcchten und gr\u00fcnen Pflaumen, unterlegt mit zarten Kr\u00e4uternoten. Am Gaumen ist der neuseel\u00e4ndische Wei\u00dfwein sehr saftig, mit einer animierenden, knackigen S\u00e4ure und viel reiner Frucht. Die Aromen von Zitrusfr\u00fcchten und Kr\u00e4utern setzen sich auch im langen, erfrischenden Abgang fort.<\/p>\n<p><a href=\"https:\/\/www.cellardoor24.de\/produkt\/2021-creekside-sauvignon-blanc\/\">2024 Creekside Sauvignon Blanc, Creekside Estate Winery, Niagara, Kanada<\/a><\/p>\n<p>Im Duft dominieren Grapefruit, Limette und frische Erbsen, begleitet von einem Hauch Ananas und gr\u00fcner Kr\u00e4uter. Am Gaumen zeigt sich der Wein zitrisch, animierend und herrlich knackig mit feiner Struktur, lebendiger S\u00e4ure und einem langen, saftigen Nachhall. Ein Sauvignon Blanc aus Kanada, der sich auf die besten Tugenden seiner Rebsorte besinnt \u2013 pur, klar und wunderbar trinkfreudig.<\/p>\n<p><a href=\"https:\/\/www.cellardoor24.de\/produkt\/2022-besoain-los-morros-sauvignon-blanc\/\">2022 Besoa\u00edn Los Morros Sauvignon Blanc, Besoain Wines, Maipo Valley, Chile<\/a><\/p>\n<p>Der Besoain Los Morros Sauvignon Blanc verf\u00fchrt mit einem eindringlichen Duft nach Litschi, Pfirsich und Passionsfrucht, begleitet von w\u00fcrzigen Aromen von wei\u00dfem Pfeffer und Ingwer. Dezent mineralische T\u00f6ne gesellen sich hinzu. Am Gaumen ist dieser chilenische Sauvignon Blanc erfrischend und sehr saftig, mit einer animierenden, feingliedrigen S\u00e4ure und guter Struktur. Ein charaktervoller Wei\u00dfwein aus Chile, verspielt, sehr sortentypisch und mit langem Nachhall.<\/p>\n<p><a href=\"https:\/\/www.cellardoor24.de\/produkt\/2022-classic-south-sauvignon-blanc\/\">2022 Seifried Classic South Sauvignon Blanc, Seifried Estate Winery, Neuseeland<\/a><\/p>\n<p>Der Classic South Sauvignon Blanc von der Seifried Estate Winery \u00fcberzeugt durch seine \u00fcppige, exotische Frucht. In der Nase finden sich Maracuja, Mango und Litschi, untermalt von Limette, Zitrone und leicht gr\u00fcnen T\u00f6nen, die an Erbsenschoten erinnern. Am Gaumen ist dieser neuseel\u00e4ndische Wei\u00dfwein knackig frisch, mit einer gut integrierten S\u00e4ure. Die Frucht ist reif und sehr animierend. Ein recht ausgewogener Wein, elegant und mit langem, spritzigem Ausklang.<\/p>\n<p><a href=\"https:\/\/www.cellardoor24.de\/produkt\/2023-claymore-purple-rain-sauvignon-blanc\/\">2023 Claymore Purple Rain Sauvignon Blanc, Claymore Wines, Clare Valley, Australien<\/a><\/p>\n<p>Aus dem Glas Claymore Purple Rain Sauvignon Blanc str\u00f6mt sofort ein verf\u00fchrerischer, exotischer Duft. Passionsfrucht, Guave, Grapefruit und ein Hauch Zitronengras sind sofort in der Nase, hinzu w\u00fcrzig-kr\u00e4utrige Noten. Am Gaumen ist der australische Sauvignon Blanc verspielt, klar und perfekt ausbalanciert. Zitrusnoten begleitet von subtilen tropischen Noten und Ankl\u00e4ngen von Basilikum. Die S\u00e4ure ist animierend und bestens eingebunden. Ein unkomplizierter Wein, der viel Trinkfreude bringt und mit leichten mineralischen sowie kr\u00e4utrigen Elementen ausklingt.<\/p>\n<p><a href=\"https:\/\/www.cellardoor24.de\/produkt\/2023-longview-whippet-sauvignon-blanc\/\">2023 Longview Whippet Sauvignon Blanc, Longview Vineyard, Adelaide Hills, Australien<\/a><\/p>\n<p>Der Longview Whippet Sauvignon Blanc bet\u00f6rt mit einem unwiderstehlichen Duft nach Brennnessel, Guave, Mango und Zitrone, untermalt mit frisch geschnittenem Gras, Kr\u00e4utern und Gei\u00dfblatt. Am Gaumen ist dieser australische Sauvignon Blanc lebhaft und rassig, wie der Hund nach dem er benannt ist. Die frischen Brennnesselnoten setzen sich auch im Mund fort, die S\u00e4ure ist feingliedrig und animierend, ein schlanker, verspielter Wei\u00dfwein aus Australien, unkompliziert und s\u00fcffig.<\/p>\n<div class=\"shop-container\">\n<div id=\"product-15958\" class=\"product type-product post-15958 status-publish first instock product_cat-fruchtig-frisch product_cat-weissweine product_cat-pikant-rassig product_cat-sauvignon-blanc product_cat-wein product_cat-australien product_cat-exotisch-aromatisch product_cat-klar-mineralisch product_cat-weine product_cat-adelaide-hills product_cat-weinherkunft product_cat-weinart product_cat-weinstil product_cat-longview-vineyard product_cat-weisse-rebsorten product_tag-australien product_tag-adelaide product_tag-longview-vineyard product_tag-whippet product_tag-gruener-veltliner product_tag-sauvignon-blanc product_tag-adelaide-hills product_tag-weine product_tag-weissweine has-post-thumbnail taxable shipping-taxable purchasable product-type-simple has-unit-price-observer\">\n<div class=\"custom-product-page ux-layout-956 ux-layout-scope-category\">\n<div id=\"row-1242281388\" class=\"row\">\n<div id=\"col-615097908\" class=\"col medium-6 small-12 large-6\">\n<div class=\"col-inner\">\n<div id=\"row-607068185\" class=\"row\">\n<div id=\"col-1274993839\" class=\"col small-12 large-12\">\n<div class=\"col-inner\">\n<div class=\"product-title-container is-uppercase\"><\/div>\n<\/div>\n<\/div>\n<\/div>\n<p>&nbsp;<\/p>\n<\/div>\n<\/div>\n<\/div>\n<\/div>\n<\/div>\n<\/div>\n<p>Paketinhalt: 6 Flaschen<\/p>\n<p>Flascheninhalt: 0,75l<\/p>\n<p>Allergenhinweis: Die Weine enthalten Sulfite und teilweise\u00a0Milchproteine<\/p>\n<p>Inverkehrbringer: wine in motion GmbH, Kellerweg 4, 84494 Neumarkt-Sankt Veit, Deutschland<\/p>\n<p>Klick Sie einfach auf den jeweiligen Weinnamen, um mehr Informationen zu den einzelnen Weinen zu erhalten.<\/p>\n","protected":false},"excerpt":{"rendered":"<p>Knackige Weissweine aus der Rebsorte Sauvignon Blanc. Super als Solisten oder zum Seafood. Dieses 6er Weinpaket beinhaltet folgende Weine: 2022 Mansion House Bay Marlborough Sauvignon Blanc, Marlborough, Neuseeland Der Mansion House Bay Sauvignon Blanc hat eine verf\u00fchrerische Nase von Steinfrucht, Zitrusfr\u00fcchten und gr\u00fcnen Pflaumen, unterlegt mit zarten Kr\u00e4uternoten. Am Gaumen ist der neuseel\u00e4ndische Wei\u00dfwein sehr [&#8230;]\n","protected":false},"featured_media":25302,"comment_status":"closed","ping_status":"closed","template":"","meta":{"om_disable_all_campaigns":false,"wprm-recipe-roundup-name":"","wprm-recipe-roundup-description":""},"product_brand":[],"product_cat":[4794,2923,4373,4406,4430,5498,5504,5563,5569,8070,227,206,207,215,83,2369,2373,2378,2379,2383,2388,2389],"product_tag":[2649,2925,4374,4431,2481,5505,5559,5560,5561,5634,88,89,90,198,209,211,212,228,242,243],"class_list":{"0":"post-16389","1":"product","2":"type-product","3":"status-publish","4":"has-post-thumbnail","6":"product_cat-eva-pemper-wines","7":"product_cat-nelson","8":"product_cat-creekside-estate-winery","9":"product_cat-wein","10":"product_cat-weinpakete","11":"product_cat-chile","12":"product_cat-seifried-estate-winery","13":"product_cat-casablanca-valley","14":"product_cat-besoain-wines","15":"product_cat-terrassenweine","16":"product_cat-whitehaven-wines","17":"product_cat-clare-valley","18":"product_cat-claymore-wines","19":"product_cat-sauvignon-blanc","20":"product_cat-weine","21":"product_cat-weinherkunft","22":"product_cat-weisse-rebsorten","23":"product_cat-neuseeland","24":"product_cat-marlborough","25":"product_cat-australien","26":"product_cat-kanada","27":"product_cat-niagara","28":"product_tag-adelaide-hills","29":"product_tag-nelson","30":"product_tag-creekside-estate-winery","31":"product_tag-weinpakete","32":"product_tag-longview-vineyard","33":"product_tag-seifried-estate-winery","34":"product_tag-chile","35":"product_tag-maipo-valley","36":"product_tag-besoain-wines","37":"product_tag-weine-zum-segeln","38":"product_tag-sauvignon-blanc","39":"product_tag-marlborough","40":"product_tag-neuseeland","41":"product_tag-weine","42":"product_tag-weissweine","43":"product_tag-clare-valley","44":"product_tag-claymore-wines","45":"product_tag-whitehaven","46":"product_tag-kanada","47":"product_tag-niagara","49":"first","50":"instock","51":"sale","52":"taxable","53":"shipping-taxable","54":"purchasable","55":"product-type-woosb"},"yoast_head":"<!-- This site is optimized with the Yoast SEO Premium plugin v27.5 (Yoast SEO v27.6) - https:\/\/yoast.com\/product\/yoast-seo-premium-wordpress\/ -->\n<title>6er Sauvignon Blanc Weinpaket - Cellardoor24<\/title>\n<meta name=\"description\" content=\"Knackige Weissweine aus der Rebsorte Sauvignon Blanc.Super als Solisten oder zum Seafood, jetzt online bei cellardoor24.de\" \/>\n<meta name=\"robots\" content=\"index, follow, max-snippet:-1, max-image-preview:large, max-video-preview:-1\" \/>\n<link rel=\"canonical\" href=\"https:\/\/cellardoor24.de\/produkt\/6er-sauvignon-blanc-weinpaket\/\" \/>\n<meta property=\"og:locale\" content=\"es_ES\" \/>\n<meta property=\"og:type\" content=\"article\" \/>\n<meta property=\"og:title\" content=\"6er Sauvignon Blanc Weinpaket\" \/>\n<meta property=\"og:description\" content=\"Knackige Weissweine aus der Rebsorte Sauvignon Blanc. Super als Solisten oder zum Seafood. Dieses 6er Weinpaket beinhaltet folgende Weine: 2022 Mansion\" \/>\n<meta property=\"og:url\" content=\"https:\/\/cellardoor24.de\/produkt\/6er-sauvignon-blanc-weinpaket\/\" \/>\n<meta property=\"og:site_name\" content=\"Cellardoor24\" \/>\n<meta property=\"article:modified_time\" content=\"2026-05-01T10:09:26+00:00\" \/>\n<meta property=\"og:image\" content=\"https:\/\/cellardoor24.de\/wp-content\/uploads\/2023\/12\/Hintergrund-Sauvignon-Blanc-Weinpakete-Weine.jpg\" \/>\n\t<meta property=\"og:image:width\" content=\"800\" \/>\n\t<meta property=\"og:image:height\" content=\"533\" \/>\n\t<meta property=\"og:image:type\" content=\"image\/jpeg\" \/>\n<meta name=\"twitter:card\" content=\"summary_large_image\" \/>\n<meta name=\"twitter:label1\" content=\"Tiempo de lectura\" \/>\n\t<meta name=\"twitter:data1\" content=\"3 minutos\" \/>\n<script type=\"application\/ld+json\" class=\"yoast-schema-graph\">{\"@context\":\"https:\\\/\\\/schema.org\",\"@graph\":[{\"@type\":\"WebPage\",\"@id\":\"https:\\\/\\\/cellardoor24.de\\\/produkt\\\/6er-sauvignon-blanc-weinpaket\\\/\",\"url\":\"https:\\\/\\\/cellardoor24.de\\\/produkt\\\/6er-sauvignon-blanc-weinpaket\\\/\",\"name\":\"6er Sauvignon Blanc Weinpaket - Cellardoor24\",\"isPartOf\":{\"@id\":\"https:\\\/\\\/www.cellardoor24.de\\\/#website\"},\"primaryImageOfPage\":{\"@id\":\"https:\\\/\\\/cellardoor24.de\\\/produkt\\\/6er-sauvignon-blanc-weinpaket\\\/#primaryimage\"},\"image\":{\"@id\":\"https:\\\/\\\/cellardoor24.de\\\/produkt\\\/6er-sauvignon-blanc-weinpaket\\\/#primaryimage\"},\"thumbnailUrl\":\"https:\\\/\\\/cellardoor24.de\\\/wp-content\\\/uploads\\\/2023\\\/12\\\/Hintergrund-Sauvignon-Blanc-Weinpakete-Weine.jpg\",\"datePublished\":\"2023-12-10T21:11:53+00:00\",\"dateModified\":\"2026-05-01T10:09:26+00:00\",\"description\":\"Knackige Weissweine aus der Rebsorte Sauvignon Blanc.Super als Solisten oder zum Seafood, jetzt online bei cellardoor24.de\",\"breadcrumb\":{\"@id\":\"https:\\\/\\\/cellardoor24.de\\\/produkt\\\/6er-sauvignon-blanc-weinpaket\\\/#breadcrumb\"},\"inLanguage\":\"es\",\"potentialAction\":[{\"@type\":\"ReadAction\",\"target\":[\"https:\\\/\\\/cellardoor24.de\\\/produkt\\\/6er-sauvignon-blanc-weinpaket\\\/\"]}]},{\"@type\":\"ImageObject\",\"inLanguage\":\"es\",\"@id\":\"https:\\\/\\\/cellardoor24.de\\\/produkt\\\/6er-sauvignon-blanc-weinpaket\\\/#primaryimage\",\"url\":\"https:\\\/\\\/cellardoor24.de\\\/wp-content\\\/uploads\\\/2023\\\/12\\\/Hintergrund-Sauvignon-Blanc-Weinpakete-Weine.jpg\",\"contentUrl\":\"https:\\\/\\\/cellardoor24.de\\\/wp-content\\\/uploads\\\/2023\\\/12\\\/Hintergrund-Sauvignon-Blanc-Weinpakete-Weine.jpg\",\"width\":800,\"height\":533,\"caption\":\"6er Weinpaket Sauvignon Blanc bei Cellardoor24.de\"},{\"@type\":\"BreadcrumbList\",\"@id\":\"https:\\\/\\\/cellardoor24.de\\\/produkt\\\/6er-sauvignon-blanc-weinpaket\\\/#breadcrumb\",\"itemListElement\":[{\"@type\":\"ListItem\",\"position\":1,\"name\":\"Startseite\",\"item\":\"https:\\\/\\\/www.cellardoor24.de\\\/es\\\/\"},{\"@type\":\"ListItem\",\"position\":2,\"name\":\"Produkte\",\"item\":\"https:\\\/\\\/www.cellardoor24.de\\\/shop\\\/\"},{\"@type\":\"ListItem\",\"position\":3,\"name\":\"6er Sauvignon Blanc Weinpaket\"}]},{\"@type\":\"WebSite\",\"@id\":\"https:\\\/\\\/www.cellardoor24.de\\\/#website\",\"url\":\"https:\\\/\\\/www.cellardoor24.de\\\/\",\"name\":\"Cellardoor24\",\"description\":\"Grand Wines Direct To You\",\"publisher\":{\"@id\":\"https:\\\/\\\/www.cellardoor24.de\\\/#organization\"},\"potentialAction\":[{\"@type\":\"SearchAction\",\"target\":{\"@type\":\"EntryPoint\",\"urlTemplate\":\"https:\\\/\\\/www.cellardoor24.de\\\/?s={search_term_string}\"},\"query-input\":{\"@type\":\"PropertyValueSpecification\",\"valueRequired\":true,\"valueName\":\"search_term_string\"}}],\"inLanguage\":\"es\"},{\"@type\":\"Organization\",\"@id\":\"https:\\\/\\\/www.cellardoor24.de\\\/#organization\",\"name\":\"Cellardoor24\",\"url\":\"https:\\\/\\\/www.cellardoor24.de\\\/\",\"logo\":{\"@type\":\"ImageObject\",\"inLanguage\":\"es\",\"@id\":\"https:\\\/\\\/www.cellardoor24.de\\\/#\\\/schema\\\/logo\\\/image\\\/\",\"url\":\"https:\\\/\\\/www.cellardoor24.de\\\/wp-content\\\/uploads\\\/2024\\\/04\\\/Cellardoor24-Favicon-150x150-1.png\",\"contentUrl\":\"https:\\\/\\\/www.cellardoor24.de\\\/wp-content\\\/uploads\\\/2024\\\/04\\\/Cellardoor24-Favicon-150x150-1.png\",\"width\":150,\"height\":150,\"caption\":\"Cellardoor24\"},\"image\":{\"@id\":\"https:\\\/\\\/www.cellardoor24.de\\\/#\\\/schema\\\/logo\\\/image\\\/\"}}]}<\/script>\n<!-- \/ Yoast SEO Premium plugin. -->","yoast_head_json":{"title":"6er Sauvignon Blanc Weinpaket - Cellardoor24","description":"Knackige Weissweine aus der Rebsorte Sauvignon Blanc.Super als Solisten oder zum Seafood, jetzt online bei cellardoor24.de","robots":{"index":"index","follow":"follow","max-snippet":"max-snippet:-1","max-image-preview":"max-image-preview:large","max-video-preview":"max-video-preview:-1"},"canonical":"https:\/\/cellardoor24.de\/produkt\/6er-sauvignon-blanc-weinpaket\/","og_locale":"es_ES","og_type":"article","og_title":"6er Sauvignon Blanc Weinpaket","og_description":"Knackige Weissweine aus der Rebsorte Sauvignon Blanc. Super als Solisten oder zum Seafood. Dieses 6er Weinpaket beinhaltet folgende Weine: 2022 Mansion","og_url":"https:\/\/cellardoor24.de\/produkt\/6er-sauvignon-blanc-weinpaket\/","og_site_name":"Cellardoor24","article_modified_time":"2026-05-01T10:09:26+00:00","og_image":[{"width":800,"height":533,"url":"https:\/\/cellardoor24.de\/wp-content\/uploads\/2023\/12\/Hintergrund-Sauvignon-Blanc-Weinpakete-Weine.jpg","type":"image\/jpeg"}],"twitter_card":"summary_large_image","twitter_misc":{"Tiempo de lectura":"3 minutos"},"schema":{"@context":"https:\/\/schema.org","@graph":[{"@type":"WebPage","@id":"https:\/\/cellardoor24.de\/produkt\/6er-sauvignon-blanc-weinpaket\/","url":"https:\/\/cellardoor24.de\/produkt\/6er-sauvignon-blanc-weinpaket\/","name":"6er Sauvignon Blanc Weinpaket - Cellardoor24","isPartOf":{"@id":"https:\/\/www.cellardoor24.de\/#website"},"primaryImageOfPage":{"@id":"https:\/\/cellardoor24.de\/produkt\/6er-sauvignon-blanc-weinpaket\/#primaryimage"},"image":{"@id":"https:\/\/cellardoor24.de\/produkt\/6er-sauvignon-blanc-weinpaket\/#primaryimage"},"thumbnailUrl":"https:\/\/cellardoor24.de\/wp-content\/uploads\/2023\/12\/Hintergrund-Sauvignon-Blanc-Weinpakete-Weine.jpg","datePublished":"2023-12-10T21:11:53+00:00","dateModified":"2026-05-01T10:09:26+00:00","description":"Knackige Weissweine aus der Rebsorte Sauvignon Blanc.Super als Solisten oder zum Seafood, jetzt online bei cellardoor24.de","breadcrumb":{"@id":"https:\/\/cellardoor24.de\/produkt\/6er-sauvignon-blanc-weinpaket\/#breadcrumb"},"inLanguage":"es","potentialAction":[{"@type":"ReadAction","target":["https:\/\/cellardoor24.de\/produkt\/6er-sauvignon-blanc-weinpaket\/"]}]},{"@type":"ImageObject","inLanguage":"es","@id":"https:\/\/cellardoor24.de\/produkt\/6er-sauvignon-blanc-weinpaket\/#primaryimage","url":"https:\/\/cellardoor24.de\/wp-content\/uploads\/2023\/12\/Hintergrund-Sauvignon-Blanc-Weinpakete-Weine.jpg","contentUrl":"https:\/\/cellardoor24.de\/wp-content\/uploads\/2023\/12\/Hintergrund-Sauvignon-Blanc-Weinpakete-Weine.jpg","width":800,"height":533,"caption":"6er Weinpaket Sauvignon Blanc bei Cellardoor24.de"},{"@type":"BreadcrumbList","@id":"https:\/\/cellardoor24.de\/produkt\/6er-sauvignon-blanc-weinpaket\/#breadcrumb","itemListElement":[{"@type":"ListItem","position":1,"name":"Startseite","item":"https:\/\/www.cellardoor24.de\/es\/"},{"@type":"ListItem","position":2,"name":"Produkte","item":"https:\/\/www.cellardoor24.de\/shop\/"},{"@type":"ListItem","position":3,"name":"6er Sauvignon Blanc Weinpaket"}]},{"@type":"WebSite","@id":"https:\/\/www.cellardoor24.de\/#website","url":"https:\/\/www.cellardoor24.de\/","name":"Cellardoor24","description":"Grand Wines Direct To You","publisher":{"@id":"https:\/\/www.cellardoor24.de\/#organization"},"potentialAction":[{"@type":"SearchAction","target":{"@type":"EntryPoint","urlTemplate":"https:\/\/www.cellardoor24.de\/?s={search_term_string}"},"query-input":{"@type":"PropertyValueSpecification","valueRequired":true,"valueName":"search_term_string"}}],"inLanguage":"es"},{"@type":"Organization","@id":"https:\/\/www.cellardoor24.de\/#organization","name":"Cellardoor24","url":"https:\/\/www.cellardoor24.de\/","logo":{"@type":"ImageObject","inLanguage":"es","@id":"https:\/\/www.cellardoor24.de\/#\/schema\/logo\/image\/","url":"https:\/\/www.cellardoor24.de\/wp-content\/uploads\/2024\/04\/Cellardoor24-Favicon-150x150-1.png","contentUrl":"https:\/\/www.cellardoor24.de\/wp-content\/uploads\/2024\/04\/Cellardoor24-Favicon-150x150-1.png","width":150,"height":150,"caption":"Cellardoor24"},"image":{"@id":"https:\/\/www.cellardoor24.de\/#\/schema\/logo\/image\/"}}]}},"_links":{"self":[{"href":"https:\/\/cellardoor24.de\/es\/wp-json\/wp\/v2\/product\/16389","targetHints":{"allow":["GET"]}}],"collection":[{"href":"https:\/\/cellardoor24.de\/es\/wp-json\/wp\/v2\/product"}],"about":[{"href":"https:\/\/cellardoor24.de\/es\/wp-json\/wp\/v2\/types\/product"}],"replies":[{"embeddable":true,"href":"https:\/\/cellardoor24.de\/es\/wp-json\/wp\/v2\/comments?post=16389"}],"wp:featuredmedia":[{"embeddable":true,"href":"https:\/\/cellardoor24.de\/es\/wp-json\/wp\/v2\/media\/25302"}],"wp:attachment":[{"href":"https:\/\/cellardoor24.de\/es\/wp-json\/wp\/v2\/media?parent=16389"}],"wp:term":[{"taxonomy":"product_brand","embeddable":true,"href":"https:\/\/cellardoor24.de\/es\/wp-json\/wp\/v2\/product_brand?post=16389"},{"taxonomy":"product_cat","embeddable":true,"href":"https:\/\/cellardoor24.de\/es\/wp-json\/wp\/v2\/product_cat?post=16389"},{"taxonomy":"product_tag","embeddable":true,"href":"https:\/\/cellardoor24.de\/es\/wp-json\/wp\/v2\/product_tag?post=16389"}],"curies":[{"name":"wp","href":"https:\/\/api.w.org\/{rel}","templated":true}]}}