{"id":15779,"date":"2023-10-19T10:45:44","date_gmt":"2023-10-19T08:45:44","guid":{"rendered":"https:\/\/www.cellardoor24.de\/produkt\/2019-maxwell-little-demon-rose\/"},"modified":"2026-02-10T13:17:38","modified_gmt":"2026-02-10T12:17:38","slug":"2022-maxwell-little-demon-rose","status":"publish","type":"product","link":"https:\/\/cellardoor24.de\/es\/producto\/2022-maxwell-little-demon-rose\/","title":{"rendered":"2022 Maxwell Little Demon Ros\u00e9"},"content":{"rendered":"<p>&nbsp;<\/p>\n<h2>Und das passt zum Little Demon Grenache Ros\u00e9 von Maxwell Wines<\/h2>\n<p>Der Maxwell Little Demon Grenache Ros\u00e9 passt mit seinem erfrischenden, knackigen und fruchtigen Charakter zu einer Vielzahl an Speisen. Hervorragend harmoniert dieser australische Ros\u00e9wein zu leichten, frischen Salaten, wie gemischten Blattsalaten, Spinat oder Rucola. Idealerweise mit Vinaigrette-Dressings und Zutaten wie Zitrusfr\u00fcchte, Beeren und N\u00fcsse.<\/p>\n<p>Dieser Ros\u00e9 aus Australien ist zudem eine klassische Wahl f\u00fcr Meeresfr\u00fcchtegerichte. Er passt hervorragend zu gegrilltem oder pochiertem Fisch, Garnelen, Krabben und Jakobsmuscheln. Sein S\u00e4uregehalt erg\u00e4nzt die nat\u00fcrliche S\u00fc\u00dfe der Meeresfr\u00fcchte.<\/p>\n<p>Die delikaten Aromen von Sushi und Sashimi werden durch die Frische dieses australischen Weines noch verst\u00e4rkt. Seine fruchtigen Noten erg\u00e4nzen die Nuancen der verschiedenen Fischsorten.<\/p>\n<p>Der d\u00e4monische Ros\u00e9 vollendet wunderbar die Aromen der mediterranen K\u00fcche, einschlie\u00dflich der griechischen und t\u00fcrkischen K\u00fcche. Er passt gut zu Gerichten wie Hummus, Tabbouleh, griechischen Salaten und gegrilltem Lamm oder Huhn.<\/p>\n<p>Ebenso harmoniert er hervorragend zu Nudelgerichten mit Sahne- oder Tomatensaucen. Er passt gut zu Gerichten wie Pasta Primavera, Garnelen-Scampi oder Linguine mit Venusmuscheln.<\/p>\n<p>Der leichte, fruchtige Charakter des Little Demon Grenache Ros\u00e9 geht auch gut mit gegrilltem H\u00e4hnchen, egal ob es sich um eine einfache gegrillte Brust oder ein komplexeres H\u00e4hnchengericht mit Kr\u00e4utern und Gew\u00fcrzen handelt.<\/p>\n<p>Dieser Ros\u00e9wein aus dem McLaren Vale erg\u00e4nzt auch eine vielzahl von asiatischen Gerichten erg\u00e4nzen, von thail\u00e4ndischen Currys bis zum chinesischen Imbiss. Seine S\u00e4ure gleicht die Aromen und Gew\u00fcrze in diesen Gerichten sehr gut aus.<\/p>\n<p>Wir lieben ihn zu Quiches, Frittatas und anderen Eierspeisen, da seine S\u00e4ure die Reichhaltigkeit dieser Gerichte unterbricht.<\/p>\n<p>Eine Wurstplatte mit Wurstwaren, K\u00e4se, Oliven und frischem Brot ist ein klassischer Begleiter f\u00fcr diesen australischen Ros\u00e9. Die Fruchtigkeit des Weins erg\u00e4nzt die verschiedenen Geschmacksrichtungen auf der Platte.<\/p>\n<p>Der fruchtige Charakter des Ros\u00e9 macht ihn zu einem idealen Begleiter f\u00fcr frisches Obst, wie Erdbeeren, Wassermelone oder einen Obstsalat.<\/p>\n<p>Der Maxwell Little Demon Grenache Ros\u00e9 eignet sich perfekt f\u00fcr Picknicks, wo Sie ihn zu Sandwiches, Quiches, kaltem Brath\u00e4hnchen und verschiedenen Fingerfoods genie\u00dfen k\u00f6nnen.<\/p>\n","protected":false},"excerpt":{"rendered":"<p>&nbsp;<\/p>\n<h2>Maxwell Little Demon Ros\u00e9 \u2013 Der kleine rosa D\u00e4mon im Glas<\/h2>\n<p>Der aussergew\u00f6hnliche Namen f\u00fcr den Maxwell Little Demon Ros\u00e9 geht auf ein physikalisches Experiment zur\u00fcck. Im Jahr 1871 schlug der schottische Wissenschaftler James Clerk Maxwell ein Gedankenexperiment vor, das eine hypothetische Kreatur beinhaltete, die als Torw\u00e4chter zwischen zwei Kammern fungiert, um Gasmolek\u00fcle entsprechend ihrer Geschwindigkeit zu sortieren. Auf den ersten Blick, k\u00f6nnte ein solches System potentiell Energie aus dem Nichts erzeugen\u2026 theoretisch unm\u00f6glich angesichts der Gesetze der Physik. Dieser hypothetische Torw\u00e4chter wurde unter Physikern als Maxwells kleiner D\u00e4mon bekannt und sorgt seit \u00fcber einem Jahrhundert f\u00fcr Diskussionen in der in der wissenschaftlichen Gemeinschaft seit mehr als einem Jahrhundert.<\/p>\n<p>&nbsp;<\/p>\n<h2>Und so schmeckt der Little Demon Grenache Ros\u00e9 von Maxwell Wines<\/h2>\n<p>Aus dem Glas Maxwell Little Demon Grenache Ros\u00e9 springen delikate Erdbeeraromen. Das Mundgef\u00fchl ist frisch-fruchtig und ausgewogen mit vibrierenden Erdbeeren und Sahne. Angenehm cremige Textur und belebende S\u00e4ure garantieren einen guten Trinkflu\u00df, ein toller Terrassenwein mit fruchtig-trockenem Abgang. So d\u00fcrfen uns D\u00e4monen immer heimsuchen.<\/p>\n","protected":false},"featured_media":15870,"comment_status":"open","ping_status":"closed","template":"","meta":{"om_disable_all_campaigns":false,"wprm-recipe-roundup-name":"","wprm-recipe-roundup-description":""},"product_brand":[],"product_cat":[2374,2382,2383,2716,2718,2757,2758,2763,2372,3480,4406,83,223,2371],"product_tag":[2650,2653,2658,3028,4666,5687,198,202,203,210],"class_list":{"0":"post-15779","1":"product","2":"type-product","3":"status-publish","4":"has-post-thumbnail","6":"product_cat-rote-rebsorten","7":"product_cat-roseweine","8":"product_cat-australien","9":"product_cat-maxwell-wines","10":"product_cat-mclaren-vale","11":"product_cat-fruchtig-frisch","12":"product_cat-leicht-lebendig","13":"product_cat-klar-mineralisch","14":"product_cat-weinstil","15":"product_cat-aktionsweine","16":"product_cat-wein","17":"product_cat-weine","18":"product_cat-grenache","19":"product_cat-weinart","20":"product_tag-maxwell-wines","21":"product_tag-mclaren-vale","22":"product_tag-grenache","23":"product_tag-little-demon","24":"product_tag-fisch-mittelfest","25":"product_tag-spargel","26":"product_tag-weine","27":"product_tag-roseweine","28":"product_tag-rose","29":"product_tag-australien","30":"pa_alkoholgehalt-13-5","31":"pa_allergenhinweis-enthaelt-sulfite-und-eiweiss","32":"pa_anbau-bewirtschaftung-konventionell","33":"pa_ausbau-im-edelstahltank","34":"pa_dekantieren-empfohlen-nein","35":"pa_empfohlenes-glas-standard-weissweinglas","36":"pa_empfohlenes-glas-standard-rotweinglas","37":"pa_geschmack-trocken","38":"pa_jahrgang-4804","39":"pa_lebensmittelunternehmer-wine-in-motion-gmbh-kellerweg-4-84494-neumarkt-sankt-veit-deutschland","40":"pa_nettofuellmenge-0-75","41":"pa_rebsorten-grenache","42":"pa_reifepotential-bis-2025","43":"pa_restzucker-2-4","44":"pa_saeure-5-3","45":"pa_trinkreife-sofort","46":"pa_trinktemperatur-8-10","47":"pa_vegan-produziert-nein","48":"pa_verpackungseinheit-175","49":"pa_verschlussart-drehverschluss","50":"pa_weingut-maxwell-wines","51":"pa_weinland-australien","52":"pa_weinregion-mclaren-vale","53":"pa_weinstil-leicht-lebendig","54":"pa_weinstil-klar-mineralisch","55":"pa_weinstil-fruchtig-frisch","56":"pa_weintyp-roseweine","58":"first","59":"instock","60":"taxable","61":"shipping-taxable","62":"purchasable","63":"product-type-simple"},"yoast_head":"<!-- This site is optimized with the Yoast SEO Premium plugin v27.5 (Yoast SEO v27.6) - https:\/\/yoast.com\/product\/yoast-seo-premium-wordpress\/ -->\n<title>2022 Maxwell Little Demon Ros\u00e9 - Cellardoor24<\/title>\n<meta name=\"description\" content=\"Aus dem Glas Little Demon Grenache Ros\u00e9 springen delikate Erdbeeraromen. Das Mundgef\u00fchl ist frisch-fruchtig und ausgewogen.\" \/>\n<meta name=\"robots\" content=\"index, follow, max-snippet:-1, max-image-preview:large, max-video-preview:-1\" \/>\n<link rel=\"canonical\" href=\"https:\/\/cellardoor24.de\/produkt\/2022-maxwell-little-demon-rose\/\" \/>\n<meta property=\"og:locale\" content=\"es_ES\" \/>\n<meta property=\"og:type\" content=\"article\" \/>\n<meta property=\"og:title\" content=\"2022 Maxwell Little Demon Ros\u00e9\" \/>\n<meta property=\"og:description\" content=\"&nbsp; Maxwell Little Demon Ros\u00e9 \u2013 Der kleine rosa D\u00e4mon im Glas Der aussergew\u00f6hnliche Namen f\u00fcr den Maxwell Little Demon Ros\u00e9 geht auf ein physikalisches Experiment zur\u00fcck. Im Jahr 1871 schlug der schottische Wissenschaftler James Clerk Maxwell ein Gedankenexperiment vor, das eine hypothetische Kreatur beinhaltete, die als Torw\u00e4chter zwischen zwei Kammern fungiert, um Gasmolek\u00fcle entsprechend ihrer Geschwindigkeit zu sortieren. Auf den ersten Blick, k\u00f6nnte ein solches System potentiell Energie aus dem Nichts erzeugen\u2026 theoretisch unm\u00f6glich angesichts der Gesetze der Physik. Dieser hypothetische Torw\u00e4chter wurde unter Physikern als Maxwells kleiner D\u00e4mon bekannt und sorgt seit \u00fcber einem Jahrhundert f\u00fcr Diskussionen in der in der wissenschaftlichen Gemeinschaft seit mehr als einem Jahrhundert. &nbsp; Und so schmeckt der Little Demon Grenache Ros\u00e9 von Maxwell Wines Aus dem Glas Maxwell Little Demon Grenache Ros\u00e9 springen delikate Erdbeeraromen. Das Mundgef\u00fchl ist frisch-fruchtig und ausgewogen mit vibrierenden Erdbeeren und Sahne. Angenehm cremige Textur und belebende S\u00e4ure garantieren einen guten Trinkflu\u00df, ein toller Terrassenwein mit fruchtig-trockenem Abgang. So d\u00fcrfen uns D\u00e4monen immer heimsuchen.\" \/>\n<meta property=\"og:url\" content=\"https:\/\/cellardoor24.de\/produkt\/2022-maxwell-little-demon-rose\/\" \/>\n<meta property=\"og:site_name\" content=\"Cellardoor24\" \/>\n<meta property=\"article:modified_time\" content=\"2026-02-10T12:17:38+00:00\" \/>\n<meta property=\"og:image\" content=\"https:\/\/cellardoor24.de\/wp-content\/uploads\/2023\/10\/AUMX60-22.jpg\" \/>\n\t<meta property=\"og:image:width\" content=\"1000\" \/>\n\t<meta property=\"og:image:height\" content=\"1000\" \/>\n\t<meta property=\"og:image:type\" content=\"image\/jpeg\" \/>\n<meta name=\"twitter:card\" content=\"summary_large_image\" \/>\n<meta name=\"twitter:label1\" content=\"Tiempo de lectura\" \/>\n\t<meta name=\"twitter:data1\" content=\"2 minutos\" \/>\n<script type=\"application\/ld+json\" class=\"yoast-schema-graph\">{\"@context\":\"https:\\\/\\\/schema.org\",\"@graph\":[{\"@type\":\"WebPage\",\"@id\":\"https:\\\/\\\/cellardoor24.de\\\/produkt\\\/2022-maxwell-little-demon-rose\\\/\",\"url\":\"https:\\\/\\\/cellardoor24.de\\\/produkt\\\/2022-maxwell-little-demon-rose\\\/\",\"name\":\"2022 Maxwell Little Demon Ros\u00e9 - Cellardoor24\",\"isPartOf\":{\"@id\":\"https:\\\/\\\/www.cellardoor24.de\\\/#website\"},\"primaryImageOfPage\":{\"@id\":\"https:\\\/\\\/cellardoor24.de\\\/produkt\\\/2022-maxwell-little-demon-rose\\\/#primaryimage\"},\"image\":{\"@id\":\"https:\\\/\\\/cellardoor24.de\\\/produkt\\\/2022-maxwell-little-demon-rose\\\/#primaryimage\"},\"thumbnailUrl\":\"https:\\\/\\\/cellardoor24.de\\\/wp-content\\\/uploads\\\/2023\\\/10\\\/AUMX60-22.jpg\",\"datePublished\":\"2023-10-19T08:45:44+00:00\",\"dateModified\":\"2026-02-10T12:17:38+00:00\",\"description\":\"Aus dem Glas Little Demon Grenache Ros\u00e9 springen delikate Erdbeeraromen. Das Mundgef\u00fchl ist frisch-fruchtig und ausgewogen.\",\"breadcrumb\":{\"@id\":\"https:\\\/\\\/cellardoor24.de\\\/produkt\\\/2022-maxwell-little-demon-rose\\\/#breadcrumb\"},\"inLanguage\":\"es\",\"potentialAction\":[{\"@type\":\"ReadAction\",\"target\":[\"https:\\\/\\\/cellardoor24.de\\\/produkt\\\/2022-maxwell-little-demon-rose\\\/\"]}]},{\"@type\":\"ImageObject\",\"inLanguage\":\"es\",\"@id\":\"https:\\\/\\\/cellardoor24.de\\\/produkt\\\/2022-maxwell-little-demon-rose\\\/#primaryimage\",\"url\":\"https:\\\/\\\/cellardoor24.de\\\/wp-content\\\/uploads\\\/2023\\\/10\\\/AUMX60-22.jpg\",\"contentUrl\":\"https:\\\/\\\/cellardoor24.de\\\/wp-content\\\/uploads\\\/2023\\\/10\\\/AUMX60-22.jpg\",\"width\":1000,\"height\":1000,\"caption\":\"2022 Little Demon Grenache Ros\u00e9 from Maxwell Wines McLaren Vale Australia now online at cellardoor24.de\"},{\"@type\":\"BreadcrumbList\",\"@id\":\"https:\\\/\\\/cellardoor24.de\\\/produkt\\\/2022-maxwell-little-demon-rose\\\/#breadcrumb\",\"itemListElement\":[{\"@type\":\"ListItem\",\"position\":1,\"name\":\"Startseite\",\"item\":\"https:\\\/\\\/www.cellardoor24.de\\\/es\\\/\"},{\"@type\":\"ListItem\",\"position\":2,\"name\":\"Produkte\",\"item\":\"https:\\\/\\\/www.cellardoor24.de\\\/shop\\\/\"},{\"@type\":\"ListItem\",\"position\":3,\"name\":\"2022 Maxwell Little Demon Ros\u00e9\"}]},{\"@type\":\"WebSite\",\"@id\":\"https:\\\/\\\/www.cellardoor24.de\\\/#website\",\"url\":\"https:\\\/\\\/www.cellardoor24.de\\\/\",\"name\":\"Cellardoor24\",\"description\":\"Grand Wines Direct To You\",\"publisher\":{\"@id\":\"https:\\\/\\\/www.cellardoor24.de\\\/#organization\"},\"potentialAction\":[{\"@type\":\"SearchAction\",\"target\":{\"@type\":\"EntryPoint\",\"urlTemplate\":\"https:\\\/\\\/www.cellardoor24.de\\\/?s={search_term_string}\"},\"query-input\":{\"@type\":\"PropertyValueSpecification\",\"valueRequired\":true,\"valueName\":\"search_term_string\"}}],\"inLanguage\":\"es\"},{\"@type\":\"Organization\",\"@id\":\"https:\\\/\\\/www.cellardoor24.de\\\/#organization\",\"name\":\"Cellardoor24\",\"url\":\"https:\\\/\\\/www.cellardoor24.de\\\/\",\"logo\":{\"@type\":\"ImageObject\",\"inLanguage\":\"es\",\"@id\":\"https:\\\/\\\/www.cellardoor24.de\\\/#\\\/schema\\\/logo\\\/image\\\/\",\"url\":\"https:\\\/\\\/www.cellardoor24.de\\\/wp-content\\\/uploads\\\/2024\\\/04\\\/Cellardoor24-Favicon-150x150-1.png\",\"contentUrl\":\"https:\\\/\\\/www.cellardoor24.de\\\/wp-content\\\/uploads\\\/2024\\\/04\\\/Cellardoor24-Favicon-150x150-1.png\",\"width\":150,\"height\":150,\"caption\":\"Cellardoor24\"},\"image\":{\"@id\":\"https:\\\/\\\/www.cellardoor24.de\\\/#\\\/schema\\\/logo\\\/image\\\/\"}}]}<\/script>\n<!-- \/ Yoast SEO Premium plugin. -->","yoast_head_json":{"title":"2022 Maxwell Little Demon Ros\u00e9 - Cellardoor24","description":"Aus dem Glas Little Demon Grenache Ros\u00e9 springen delikate Erdbeeraromen. Das Mundgef\u00fchl ist frisch-fruchtig und ausgewogen.","robots":{"index":"index","follow":"follow","max-snippet":"max-snippet:-1","max-image-preview":"max-image-preview:large","max-video-preview":"max-video-preview:-1"},"canonical":"https:\/\/cellardoor24.de\/produkt\/2022-maxwell-little-demon-rose\/","og_locale":"es_ES","og_type":"article","og_title":"2022 Maxwell Little Demon Ros\u00e9","og_description":"&nbsp; Maxwell Little Demon Ros\u00e9 \u2013 Der kleine rosa D\u00e4mon im Glas Der aussergew\u00f6hnliche Namen f\u00fcr den Maxwell Little Demon Ros\u00e9 geht auf ein physikalisches Experiment zur\u00fcck. Im Jahr 1871 schlug der schottische Wissenschaftler James Clerk Maxwell ein Gedankenexperiment vor, das eine hypothetische Kreatur beinhaltete, die als Torw\u00e4chter zwischen zwei Kammern fungiert, um Gasmolek\u00fcle entsprechend ihrer Geschwindigkeit zu sortieren. Auf den ersten Blick, k\u00f6nnte ein solches System potentiell Energie aus dem Nichts erzeugen\u2026 theoretisch unm\u00f6glich angesichts der Gesetze der Physik. Dieser hypothetische Torw\u00e4chter wurde unter Physikern als Maxwells kleiner D\u00e4mon bekannt und sorgt seit \u00fcber einem Jahrhundert f\u00fcr Diskussionen in der in der wissenschaftlichen Gemeinschaft seit mehr als einem Jahrhundert. &nbsp; Und so schmeckt der Little Demon Grenache Ros\u00e9 von Maxwell Wines Aus dem Glas Maxwell Little Demon Grenache Ros\u00e9 springen delikate Erdbeeraromen. Das Mundgef\u00fchl ist frisch-fruchtig und ausgewogen mit vibrierenden Erdbeeren und Sahne. Angenehm cremige Textur und belebende S\u00e4ure garantieren einen guten Trinkflu\u00df, ein toller Terrassenwein mit fruchtig-trockenem Abgang. So d\u00fcrfen uns D\u00e4monen immer heimsuchen.","og_url":"https:\/\/cellardoor24.de\/produkt\/2022-maxwell-little-demon-rose\/","og_site_name":"Cellardoor24","article_modified_time":"2026-02-10T12:17:38+00:00","og_image":[{"width":1000,"height":1000,"url":"https:\/\/cellardoor24.de\/wp-content\/uploads\/2023\/10\/AUMX60-22.jpg","type":"image\/jpeg"}],"twitter_card":"summary_large_image","twitter_misc":{"Tiempo de lectura":"2 minutos"},"schema":{"@context":"https:\/\/schema.org","@graph":[{"@type":"WebPage","@id":"https:\/\/cellardoor24.de\/produkt\/2022-maxwell-little-demon-rose\/","url":"https:\/\/cellardoor24.de\/produkt\/2022-maxwell-little-demon-rose\/","name":"2022 Maxwell Little Demon Ros\u00e9 - Cellardoor24","isPartOf":{"@id":"https:\/\/www.cellardoor24.de\/#website"},"primaryImageOfPage":{"@id":"https:\/\/cellardoor24.de\/produkt\/2022-maxwell-little-demon-rose\/#primaryimage"},"image":{"@id":"https:\/\/cellardoor24.de\/produkt\/2022-maxwell-little-demon-rose\/#primaryimage"},"thumbnailUrl":"https:\/\/cellardoor24.de\/wp-content\/uploads\/2023\/10\/AUMX60-22.jpg","datePublished":"2023-10-19T08:45:44+00:00","dateModified":"2026-02-10T12:17:38+00:00","description":"Aus dem Glas Little Demon Grenache Ros\u00e9 springen delikate Erdbeeraromen. Das Mundgef\u00fchl ist frisch-fruchtig und ausgewogen.","breadcrumb":{"@id":"https:\/\/cellardoor24.de\/produkt\/2022-maxwell-little-demon-rose\/#breadcrumb"},"inLanguage":"es","potentialAction":[{"@type":"ReadAction","target":["https:\/\/cellardoor24.de\/produkt\/2022-maxwell-little-demon-rose\/"]}]},{"@type":"ImageObject","inLanguage":"es","@id":"https:\/\/cellardoor24.de\/produkt\/2022-maxwell-little-demon-rose\/#primaryimage","url":"https:\/\/cellardoor24.de\/wp-content\/uploads\/2023\/10\/AUMX60-22.jpg","contentUrl":"https:\/\/cellardoor24.de\/wp-content\/uploads\/2023\/10\/AUMX60-22.jpg","width":1000,"height":1000,"caption":"2022 Little Demon Grenache Ros\u00e9 from Maxwell Wines McLaren Vale Australia now online at cellardoor24.de"},{"@type":"BreadcrumbList","@id":"https:\/\/cellardoor24.de\/produkt\/2022-maxwell-little-demon-rose\/#breadcrumb","itemListElement":[{"@type":"ListItem","position":1,"name":"Startseite","item":"https:\/\/www.cellardoor24.de\/es\/"},{"@type":"ListItem","position":2,"name":"Produkte","item":"https:\/\/www.cellardoor24.de\/shop\/"},{"@type":"ListItem","position":3,"name":"2022 Maxwell Little Demon Ros\u00e9"}]},{"@type":"WebSite","@id":"https:\/\/www.cellardoor24.de\/#website","url":"https:\/\/www.cellardoor24.de\/","name":"Cellardoor24","description":"Grand Wines Direct To You","publisher":{"@id":"https:\/\/www.cellardoor24.de\/#organization"},"potentialAction":[{"@type":"SearchAction","target":{"@type":"EntryPoint","urlTemplate":"https:\/\/www.cellardoor24.de\/?s={search_term_string}"},"query-input":{"@type":"PropertyValueSpecification","valueRequired":true,"valueName":"search_term_string"}}],"inLanguage":"es"},{"@type":"Organization","@id":"https:\/\/www.cellardoor24.de\/#organization","name":"Cellardoor24","url":"https:\/\/www.cellardoor24.de\/","logo":{"@type":"ImageObject","inLanguage":"es","@id":"https:\/\/www.cellardoor24.de\/#\/schema\/logo\/image\/","url":"https:\/\/www.cellardoor24.de\/wp-content\/uploads\/2024\/04\/Cellardoor24-Favicon-150x150-1.png","contentUrl":"https:\/\/www.cellardoor24.de\/wp-content\/uploads\/2024\/04\/Cellardoor24-Favicon-150x150-1.png","width":150,"height":150,"caption":"Cellardoor24"},"image":{"@id":"https:\/\/www.cellardoor24.de\/#\/schema\/logo\/image\/"}}]}},"_links":{"self":[{"href":"https:\/\/cellardoor24.de\/es\/wp-json\/wp\/v2\/product\/15779","targetHints":{"allow":["GET"]}}],"collection":[{"href":"https:\/\/cellardoor24.de\/es\/wp-json\/wp\/v2\/product"}],"about":[{"href":"https:\/\/cellardoor24.de\/es\/wp-json\/wp\/v2\/types\/product"}],"replies":[{"embeddable":true,"href":"https:\/\/cellardoor24.de\/es\/wp-json\/wp\/v2\/comments?post=15779"}],"wp:featuredmedia":[{"embeddable":true,"href":"https:\/\/cellardoor24.de\/es\/wp-json\/wp\/v2\/media\/15870"}],"wp:attachment":[{"href":"https:\/\/cellardoor24.de\/es\/wp-json\/wp\/v2\/media?parent=15779"}],"wp:term":[{"taxonomy":"product_brand","embeddable":true,"href":"https:\/\/cellardoor24.de\/es\/wp-json\/wp\/v2\/product_brand?post=15779"},{"taxonomy":"product_cat","embeddable":true,"href":"https:\/\/cellardoor24.de\/es\/wp-json\/wp\/v2\/product_cat?post=15779"},{"taxonomy":"product_tag","embeddable":true,"href":"https:\/\/cellardoor24.de\/es\/wp-json\/wp\/v2\/product_tag?post=15779"}],"curies":[{"name":"wp","href":"https:\/\/api.w.org\/{rel}","templated":true}]}}