{"id":13768,"date":"2021-08-05T16:53:50","date_gmt":"2021-08-05T14:53:50","guid":{"rendered":"https:\/\/www.cellardoor24.de\/produkt\/2016-elephant-hill-chardonnay\/"},"modified":"2023-03-15T16:52:39","modified_gmt":"2023-03-15T15:52:39","slug":"2016-elephant-hill-chardonnay","status":"publish","type":"product","link":"https:\/\/cellardoor24.de\/es\/producto\/2016-elephant-hill-chardonnay\/","title":{"rendered":"2016 Elephant Hill Chardonnay"},"content":{"rendered":"<p>&nbsp;<\/p>\n<h2>Y esto va con el Estate Chardonnay de Elephant Hill<\/h2>\n<p>El Estate Chardonnay de Elephant Hill, por su mineralidad salina, est\u00e1 predestinado para el acompa\u00f1amiento de pescados y mariscos. Perfecto para ostras, sushi, mariscos frescos y a la parrilla, ensalada con gambas a la parrilla o tiras de pechuga de pavo. Tambi\u00e9n hace una buena figura como aperitivo elegante con \u00abfinger food\u00bb o con queso curado no demasiado picante.<\/p>\n","protected":false},"excerpt":{"rendered":"<p>&nbsp;<\/p>\n<h2>El acompa\u00f1ante salado-mineral de los mariscos<\/h2>\n<p>Este vino lleno de car\u00e1cter se produce a partir de uvas recogidas a mano del vi\u00f1edo costero de Elephant Hills, Te Awanga. Durante los meses cruciales del verano, los vi\u00f1edos de Hawke\u2019s Bay tuvieron algunos d\u00edas secos largos con humedad relativamente baja, seguidos de un clima perfecto en oto\u00f1o. Esto permiti\u00f3 que las variedades de maduraci\u00f3n temprana, como la Chardonnay, tuvieran una maravillosa pureza y elegancia de fruta. Las uvas fueron prensadas enteras. La fermentaci\u00f3n se llev\u00f3 a cabo con levaduras silvestres. Se ha renunciado deliberadamente a la fermentaci\u00f3n malol\u00e1ctica. La crianza se llev\u00f3 a cabo durante 11 meses sobre l\u00edas finas en barricas de roble 228L, de las cuales el 25 por ciento eran nuevas.<\/p>\n<p>&nbsp;<\/p>\n<h2>Y as\u00ed es como sabe el Estate Chardonnay de Elephant Hill<\/h2>\n<p>Maravilloso aroma animador a flores c\u00edtricas, manzana verde y pomelo, acompa\u00f1ado de una sutil nota de avellana. En boca con una fina mineralidad salina. Muy equilibrado y bien estructurado. Un excelente Chardonnay de m\u00faltiples capas con una gran concentraci\u00f3n de fruta, una textura agradable y un retrogusto duradero.<\/p>\n","protected":false},"featured_media":13107,"comment_status":"closed","ping_status":"closed","template":"","meta":{"om_disable_all_campaigns":false,"wprm-recipe-roundup-name":"","wprm-recipe-roundup-description":""},"product_brand":[],"product_cat":[4932,4933,4934,4935,4936,4937,4938,4939,4874,4871,4873,4875,4912],"product_tag":[4943,4940,4941,4942,4945,5083,4884],"class_list":{"0":"post-13768","1":"product","2":"type-product","3":"status-publish","4":"has-post-thumbnail","6":"product_cat-chardonnay-es","7":"product_cat-variedades-de-uva-blanca","8":"product_cat-vinos-blancos","9":"product_cat-nueva-zelanda","10":"product_cat-hawkes-bay-es","11":"product_cat-afrutado-y-fresco","12":"product_cat-claro-y-mineral","13":"product_cat-elephant-hill-winery-es","14":"product_cat-tipo-de-vino","15":"product_cat-vinos","16":"product_cat-origen-del-vino","17":"product_cat-estilo-de-vino","18":"product_cat-salado-y-picante","19":"product_tag-hawkes-bay-es","20":"product_tag-nueva-zelanda","21":"product_tag-vinos-blancos","22":"product_tag-chardonnay-es","23":"product_tag-elephant-hill-es","24":"product_tag-esparragos-cocidos","25":"product_tag-vinos","26":"pa_alkoholgehalt-13-5-es","27":"pa_allergenhinweis-contiene-sulfitos","28":"pa_anbau-bewirtschaftung-convencional","29":"pa_ausbau-en-barrica-de-roble","30":"pa_dekantieren-empfohlen-no-es","31":"pa_empfohlenes-glas-copa-de-chardonnay","32":"pa_geschmack-seco","33":"pa_jahrgang-2016-es","34":"pa_lebensmittelunternehmer-wine-in-motion-gmbh-kellerweg-4-84494-neumarkt-sankt-veit-alemania","35":"pa_nettofuellmenge-0-75-es","36":"pa_rebsorten-chardonnay-es","37":"pa_reifepotential-hasta-2023","38":"pa_restzucker-1-3-es","39":"pa_saeure-6-6-es","40":"pa_trinkreife-inmediatamente","41":"pa_trinktemperatur-8-10-es","42":"pa_vegan-produziert-no-es","43":"pa_verpackungseinheit-6-es","44":"pa_verschlussart-cierre-giratorio","45":"pa_weingut-elephant-hill-es","46":"pa_weinland-nueva-zelanda","47":"pa_weinregion-hawkes-bay-es","48":"pa_weinstil-afrutado-y-fresco","49":"pa_weinstil-suave-y-armonioso","50":"pa_weinstil-claro-y-mineral","51":"pa_weintyp-vino-blanco","53":"first","54":"instock","55":"taxable","56":"shipping-taxable","57":"purchasable","58":"product-type-simple"},"yoast_head":"<!-- This site is optimized with the Yoast SEO Premium plugin v27.5 (Yoast SEO v27.6) - https:\/\/yoast.com\/product\/yoast-seo-premium-wordpress\/ -->\n<title>2016 Elephant Hill Chardonnay - Cellardoor24<\/title>\n<meta name=\"description\" content=\"El Estate Chardonnay de Elephant Hill cautiva con un aroma animado de flores de c\u00edtricos, manzana verde y pomelo, acompa\u00f1ado de una sutil nota de avellana.\" \/>\n<meta name=\"robots\" content=\"index, follow, max-snippet:-1, max-image-preview:large, max-video-preview:-1\" \/>\n<link rel=\"canonical\" href=\"https:\/\/www.cellardoor24.de\/es\/producto\/2016-elephant-hill-chardonnay\/\" \/>\n<meta property=\"og:locale\" content=\"es_ES\" \/>\n<meta property=\"og:type\" content=\"article\" \/>\n<meta property=\"og:title\" content=\"2016 Elephant Hill Chardonnay\" \/>\n<meta property=\"og:description\" content=\"&nbsp; El acompa\u00f1ante salado-mineral de los mariscos Este vino lleno de car\u00e1cter se produce a partir de uvas recogidas a mano del vi\u00f1edo costero de Elephant Hills, Te Awanga. Durante los meses cruciales del verano, los vi\u00f1edos de Hawke\u2019s Bay tuvieron algunos d\u00edas secos largos con humedad relativamente baja, seguidos de un clima perfecto en oto\u00f1o. Esto permiti\u00f3 que las variedades de maduraci\u00f3n temprana, como la Chardonnay, tuvieran una maravillosa pureza y elegancia de fruta. Las uvas fueron prensadas enteras. La fermentaci\u00f3n se llev\u00f3 a cabo con levaduras silvestres. Se ha renunciado deliberadamente a la fermentaci\u00f3n malol\u00e1ctica. La crianza se llev\u00f3 a cabo durante 11 meses sobre l\u00edas finas en barricas de roble 228L, de las cuales el 25 por ciento eran nuevas. &nbsp; Y as\u00ed es como sabe el Estate Chardonnay de Elephant Hill Maravilloso aroma animador a flores c\u00edtricas, manzana verde y pomelo, acompa\u00f1ado de una sutil nota de avellana. En boca con una fina mineralidad salina. Muy equilibrado y bien estructurado. Un excelente Chardonnay de m\u00faltiples capas con una gran concentraci\u00f3n de fruta, una textura agradable y un retrogusto duradero.\" \/>\n<meta property=\"og:url\" content=\"https:\/\/www.cellardoor24.de\/es\/producto\/2016-elephant-hill-chardonnay\/\" \/>\n<meta property=\"og:site_name\" content=\"Cellardoor24\" \/>\n<meta property=\"article:modified_time\" content=\"2023-03-15T15:52:39+00:00\" \/>\n<meta property=\"og:image\" content=\"https:\/\/www.cellardoor24.de\/wp-content\/uploads\/2023\/01\/NZEH04-16.jpg\" \/>\n\t<meta property=\"og:image:width\" content=\"1000\" \/>\n\t<meta property=\"og:image:height\" content=\"1000\" \/>\n\t<meta property=\"og:image:type\" content=\"image\/jpeg\" \/>\n<meta name=\"twitter:card\" content=\"summary_large_image\" \/>\n<script type=\"application\/ld+json\" class=\"yoast-schema-graph\">{\"@context\":\"https:\\\/\\\/schema.org\",\"@graph\":[{\"@type\":\"WebPage\",\"@id\":\"https:\\\/\\\/www.cellardoor24.de\\\/es\\\/producto\\\/2016-elephant-hill-chardonnay\\\/\",\"url\":\"https:\\\/\\\/www.cellardoor24.de\\\/es\\\/producto\\\/2016-elephant-hill-chardonnay\\\/\",\"name\":\"2016 Elephant Hill Chardonnay - Cellardoor24\",\"isPartOf\":{\"@id\":\"https:\\\/\\\/www.cellardoor24.de\\\/#website\"},\"primaryImageOfPage\":{\"@id\":\"https:\\\/\\\/www.cellardoor24.de\\\/es\\\/producto\\\/2016-elephant-hill-chardonnay\\\/#primaryimage\"},\"image\":{\"@id\":\"https:\\\/\\\/www.cellardoor24.de\\\/es\\\/producto\\\/2016-elephant-hill-chardonnay\\\/#primaryimage\"},\"thumbnailUrl\":\"https:\\\/\\\/cellardoor24.de\\\/wp-content\\\/uploads\\\/2023\\\/01\\\/NZEH04-16.jpg\",\"datePublished\":\"2021-08-05T14:53:50+00:00\",\"dateModified\":\"2023-03-15T15:52:39+00:00\",\"description\":\"El Estate Chardonnay de Elephant Hill cautiva con un aroma animado de flores de c\u00edtricos, manzana verde y pomelo, acompa\u00f1ado de una sutil nota de avellana.\",\"breadcrumb\":{\"@id\":\"https:\\\/\\\/www.cellardoor24.de\\\/es\\\/producto\\\/2016-elephant-hill-chardonnay\\\/#breadcrumb\"},\"inLanguage\":\"es\",\"potentialAction\":[{\"@type\":\"ReadAction\",\"target\":[\"https:\\\/\\\/www.cellardoor24.de\\\/es\\\/producto\\\/2016-elephant-hill-chardonnay\\\/\"]}]},{\"@type\":\"ImageObject\",\"inLanguage\":\"es\",\"@id\":\"https:\\\/\\\/www.cellardoor24.de\\\/es\\\/producto\\\/2016-elephant-hill-chardonnay\\\/#primaryimage\",\"url\":\"https:\\\/\\\/cellardoor24.de\\\/wp-content\\\/uploads\\\/2023\\\/01\\\/NZEH04-16.jpg\",\"contentUrl\":\"https:\\\/\\\/cellardoor24.de\\\/wp-content\\\/uploads\\\/2023\\\/01\\\/NZEH04-16.jpg\",\"width\":1000,\"height\":1000},{\"@type\":\"BreadcrumbList\",\"@id\":\"https:\\\/\\\/www.cellardoor24.de\\\/es\\\/producto\\\/2016-elephant-hill-chardonnay\\\/#breadcrumb\",\"itemListElement\":[{\"@type\":\"ListItem\",\"position\":1,\"name\":\"Startseite\",\"item\":\"https:\\\/\\\/www.cellardoor24.de\\\/es\\\/\"},{\"@type\":\"ListItem\",\"position\":2,\"name\":\"Produkte\",\"item\":\"https:\\\/\\\/www.cellardoor24.de\\\/shop\\\/\"},{\"@type\":\"ListItem\",\"position\":3,\"name\":\"2016 Elephant Hill Chardonnay\"}]},{\"@type\":\"WebSite\",\"@id\":\"https:\\\/\\\/www.cellardoor24.de\\\/#website\",\"url\":\"https:\\\/\\\/www.cellardoor24.de\\\/\",\"name\":\"Cellardoor24\",\"description\":\"Grand Wines Direct To You\",\"publisher\":{\"@id\":\"https:\\\/\\\/www.cellardoor24.de\\\/#organization\"},\"potentialAction\":[{\"@type\":\"SearchAction\",\"target\":{\"@type\":\"EntryPoint\",\"urlTemplate\":\"https:\\\/\\\/www.cellardoor24.de\\\/?s={search_term_string}\"},\"query-input\":{\"@type\":\"PropertyValueSpecification\",\"valueRequired\":true,\"valueName\":\"search_term_string\"}}],\"inLanguage\":\"es\"},{\"@type\":\"Organization\",\"@id\":\"https:\\\/\\\/www.cellardoor24.de\\\/#organization\",\"name\":\"Cellardoor24\",\"url\":\"https:\\\/\\\/www.cellardoor24.de\\\/\",\"logo\":{\"@type\":\"ImageObject\",\"inLanguage\":\"es\",\"@id\":\"https:\\\/\\\/www.cellardoor24.de\\\/#\\\/schema\\\/logo\\\/image\\\/\",\"url\":\"https:\\\/\\\/www.cellardoor24.de\\\/wp-content\\\/uploads\\\/2024\\\/04\\\/Cellardoor24-Favicon-150x150-1.png\",\"contentUrl\":\"https:\\\/\\\/www.cellardoor24.de\\\/wp-content\\\/uploads\\\/2024\\\/04\\\/Cellardoor24-Favicon-150x150-1.png\",\"width\":150,\"height\":150,\"caption\":\"Cellardoor24\"},\"image\":{\"@id\":\"https:\\\/\\\/www.cellardoor24.de\\\/#\\\/schema\\\/logo\\\/image\\\/\"}}]}<\/script>\n<!-- \/ Yoast SEO Premium plugin. -->","yoast_head_json":{"title":"2016 Elephant Hill Chardonnay - Cellardoor24","description":"El Estate Chardonnay de Elephant Hill cautiva con un aroma animado de flores de c\u00edtricos, manzana verde y pomelo, acompa\u00f1ado de una sutil nota de avellana.","robots":{"index":"index","follow":"follow","max-snippet":"max-snippet:-1","max-image-preview":"max-image-preview:large","max-video-preview":"max-video-preview:-1"},"canonical":"https:\/\/www.cellardoor24.de\/es\/producto\/2016-elephant-hill-chardonnay\/","og_locale":"es_ES","og_type":"article","og_title":"2016 Elephant Hill Chardonnay","og_description":"&nbsp; El acompa\u00f1ante salado-mineral de los mariscos Este vino lleno de car\u00e1cter se produce a partir de uvas recogidas a mano del vi\u00f1edo costero de Elephant Hills, Te Awanga. Durante los meses cruciales del verano, los vi\u00f1edos de Hawke\u2019s Bay tuvieron algunos d\u00edas secos largos con humedad relativamente baja, seguidos de un clima perfecto en oto\u00f1o. Esto permiti\u00f3 que las variedades de maduraci\u00f3n temprana, como la Chardonnay, tuvieran una maravillosa pureza y elegancia de fruta. Las uvas fueron prensadas enteras. La fermentaci\u00f3n se llev\u00f3 a cabo con levaduras silvestres. Se ha renunciado deliberadamente a la fermentaci\u00f3n malol\u00e1ctica. La crianza se llev\u00f3 a cabo durante 11 meses sobre l\u00edas finas en barricas de roble 228L, de las cuales el 25 por ciento eran nuevas. &nbsp; Y as\u00ed es como sabe el Estate Chardonnay de Elephant Hill Maravilloso aroma animador a flores c\u00edtricas, manzana verde y pomelo, acompa\u00f1ado de una sutil nota de avellana. En boca con una fina mineralidad salina. Muy equilibrado y bien estructurado. Un excelente Chardonnay de m\u00faltiples capas con una gran concentraci\u00f3n de fruta, una textura agradable y un retrogusto duradero.","og_url":"https:\/\/www.cellardoor24.de\/es\/producto\/2016-elephant-hill-chardonnay\/","og_site_name":"Cellardoor24","article_modified_time":"2023-03-15T15:52:39+00:00","og_image":[{"width":1000,"height":1000,"url":"https:\/\/www.cellardoor24.de\/wp-content\/uploads\/2023\/01\/NZEH04-16.jpg","type":"image\/jpeg"}],"twitter_card":"summary_large_image","schema":{"@context":"https:\/\/schema.org","@graph":[{"@type":"WebPage","@id":"https:\/\/www.cellardoor24.de\/es\/producto\/2016-elephant-hill-chardonnay\/","url":"https:\/\/www.cellardoor24.de\/es\/producto\/2016-elephant-hill-chardonnay\/","name":"2016 Elephant Hill Chardonnay - Cellardoor24","isPartOf":{"@id":"https:\/\/www.cellardoor24.de\/#website"},"primaryImageOfPage":{"@id":"https:\/\/www.cellardoor24.de\/es\/producto\/2016-elephant-hill-chardonnay\/#primaryimage"},"image":{"@id":"https:\/\/www.cellardoor24.de\/es\/producto\/2016-elephant-hill-chardonnay\/#primaryimage"},"thumbnailUrl":"https:\/\/cellardoor24.de\/wp-content\/uploads\/2023\/01\/NZEH04-16.jpg","datePublished":"2021-08-05T14:53:50+00:00","dateModified":"2023-03-15T15:52:39+00:00","description":"El Estate Chardonnay de Elephant Hill cautiva con un aroma animado de flores de c\u00edtricos, manzana verde y pomelo, acompa\u00f1ado de una sutil nota de avellana.","breadcrumb":{"@id":"https:\/\/www.cellardoor24.de\/es\/producto\/2016-elephant-hill-chardonnay\/#breadcrumb"},"inLanguage":"es","potentialAction":[{"@type":"ReadAction","target":["https:\/\/www.cellardoor24.de\/es\/producto\/2016-elephant-hill-chardonnay\/"]}]},{"@type":"ImageObject","inLanguage":"es","@id":"https:\/\/www.cellardoor24.de\/es\/producto\/2016-elephant-hill-chardonnay\/#primaryimage","url":"https:\/\/cellardoor24.de\/wp-content\/uploads\/2023\/01\/NZEH04-16.jpg","contentUrl":"https:\/\/cellardoor24.de\/wp-content\/uploads\/2023\/01\/NZEH04-16.jpg","width":1000,"height":1000},{"@type":"BreadcrumbList","@id":"https:\/\/www.cellardoor24.de\/es\/producto\/2016-elephant-hill-chardonnay\/#breadcrumb","itemListElement":[{"@type":"ListItem","position":1,"name":"Startseite","item":"https:\/\/www.cellardoor24.de\/es\/"},{"@type":"ListItem","position":2,"name":"Produkte","item":"https:\/\/www.cellardoor24.de\/shop\/"},{"@type":"ListItem","position":3,"name":"2016 Elephant Hill Chardonnay"}]},{"@type":"WebSite","@id":"https:\/\/www.cellardoor24.de\/#website","url":"https:\/\/www.cellardoor24.de\/","name":"Cellardoor24","description":"Grand Wines Direct To You","publisher":{"@id":"https:\/\/www.cellardoor24.de\/#organization"},"potentialAction":[{"@type":"SearchAction","target":{"@type":"EntryPoint","urlTemplate":"https:\/\/www.cellardoor24.de\/?s={search_term_string}"},"query-input":{"@type":"PropertyValueSpecification","valueRequired":true,"valueName":"search_term_string"}}],"inLanguage":"es"},{"@type":"Organization","@id":"https:\/\/www.cellardoor24.de\/#organization","name":"Cellardoor24","url":"https:\/\/www.cellardoor24.de\/","logo":{"@type":"ImageObject","inLanguage":"es","@id":"https:\/\/www.cellardoor24.de\/#\/schema\/logo\/image\/","url":"https:\/\/www.cellardoor24.de\/wp-content\/uploads\/2024\/04\/Cellardoor24-Favicon-150x150-1.png","contentUrl":"https:\/\/www.cellardoor24.de\/wp-content\/uploads\/2024\/04\/Cellardoor24-Favicon-150x150-1.png","width":150,"height":150,"caption":"Cellardoor24"},"image":{"@id":"https:\/\/www.cellardoor24.de\/#\/schema\/logo\/image\/"}}]}},"_links":{"self":[{"href":"https:\/\/cellardoor24.de\/es\/wp-json\/wp\/v2\/product\/13768","targetHints":{"allow":["GET"]}}],"collection":[{"href":"https:\/\/cellardoor24.de\/es\/wp-json\/wp\/v2\/product"}],"about":[{"href":"https:\/\/cellardoor24.de\/es\/wp-json\/wp\/v2\/types\/product"}],"replies":[{"embeddable":true,"href":"https:\/\/cellardoor24.de\/es\/wp-json\/wp\/v2\/comments?post=13768"}],"wp:featuredmedia":[{"embeddable":true,"href":"https:\/\/cellardoor24.de\/es\/wp-json\/wp\/v2\/media\/13107"}],"wp:attachment":[{"href":"https:\/\/cellardoor24.de\/es\/wp-json\/wp\/v2\/media?parent=13768"}],"wp:term":[{"taxonomy":"product_brand","embeddable":true,"href":"https:\/\/cellardoor24.de\/es\/wp-json\/wp\/v2\/product_brand?post=13768"},{"taxonomy":"product_cat","embeddable":true,"href":"https:\/\/cellardoor24.de\/es\/wp-json\/wp\/v2\/product_cat?post=13768"},{"taxonomy":"product_tag","embeddable":true,"href":"https:\/\/cellardoor24.de\/es\/wp-json\/wp\/v2\/product_tag?post=13768"}],"curies":[{"name":"wp","href":"https:\/\/api.w.org\/{rel}","templated":true}]}}